{"id":9,"date":"2016-03-20T09:06:32","date_gmt":"2016-03-20T09:06:32","guid":{"rendered":"https:\/\/www.hoerundjetzt.ch\/home\/ruedideb\/public_html\/hoerundjetzt.ch\/?page_id=9"},"modified":"2026-03-19T19:04:48","modified_gmt":"2026-03-19T20:04:48","slug":"home","status":"publish","type":"page","link":"https:\/\/www.hoerundjetzt.ch\/","title":{"rendered":"AKTUELL"},"content":{"rendered":"<p><span style=\"font-size: 12pt;\">In der Konzertreihe <\/span><strong style=\"font-size: 12pt;\">h\u00f6r+jetzt<\/strong><span style=\"font-size: 12pt;\"> l\u00e4dt das <\/span><strong style=\"font-size: 12pt;\"><a href=\"https:\/\/www.hoerundjetzt.ch\/?page_id=106\" target=\"_blank\" rel=\"noopener\">Duo K\u00e4ppeli\/Debrunner<\/a><\/strong><span style=\"font-size: 12pt;\"> regelm\u00e4ssig G\u00e4ste ein zu frei improvisierten Konzerten in Trioformation.<\/span><\/p>\n<div class=\"page\" title=\"Page 2\">\n<div class=\"layoutArea\">\n<div class=\"column\">\n<p><span style=\"font-size: 12pt;\"><strong><a href=\"https:\/\/inmusic.ch\" target=\"_blank\" rel=\"noopener\">KONZERTORT:<\/a><br \/>\nPianolounge Aarau\u00a0<\/strong>Sch\u00f6nenwerderstrasse 42, 5000 Aarau (<em><a href=\"https:\/\/www.google.de\/maps\/place\/Sch\u00f6nenwerderstrasse+42,+5000+Aarau,+Schweiz\/@47.3858356,8.0348698,17z\/data=!3m1!4b1!4m2!3m1!1s0x47903bc02c61f077:0xfef480aff1b214a4\" target=\"_blank\" rel=\"noopener noreferrer\">Karte)<\/a><br \/>\n<span style=\"font-size: small;\">neben der Bushaltestelle <\/span><span style=\"font-size: small;\">Aarau,\u00a0Roggenhausen<\/span><\/em><\/span><\/p>\n<p><img loading=\"lazy\" decoding=\"async\" class=\"alignnone wp-image-1847\" src=\"https:\/\/www.hoerundjetzt.ch\/wp-content\/uploads\/2025\/03\/Bildschirmfoto-2025-03-24-um-20.39.04-300x23.png\" alt=\"\" width=\"672\" height=\"51\" srcset=\"https:\/\/www.hoerundjetzt.ch\/wp-content\/uploads\/2025\/03\/Bildschirmfoto-2025-03-24-um-20.39.04-300x23.png 300w, https:\/\/www.hoerundjetzt.ch\/wp-content\/uploads\/2025\/03\/Bildschirmfoto-2025-03-24-um-20.39.04-1024x78.png 1024w, https:\/\/www.hoerundjetzt.ch\/wp-content\/uploads\/2025\/03\/Bildschirmfoto-2025-03-24-um-20.39.04.png 1262w\" sizes=\"auto, (max-width: 672px) 100vw, 672px\" \/><\/p>\n<hr \/>\n<\/div>\n<\/div>\n<\/div>\n<p><strong>AKTUELL<\/strong><\/p>\n<p><a href=\"https:\/\/www.hoerundjetzt.ch\/?page_id=1939\" target=\"_blank\" rel=\"noopener\"><strong>DIENSTAG, 21. APRIL 2026, 20 UHR<\/strong><\/a><br \/>\nPIANOLOUNGE AARAU Sch\u00f6nenwerderstrasse 42, 5000 Aarau\u00a0<em><a href=\"https:\/\/www.google.de\/maps\/place\/Sch\u00f6nenwerderstrasse+42,+5000+Aarau,+Schweiz\/@47.3858356,8.0348698,17z\/data=!3m1!4b1!4m2!3m1!1s0x47903bc02c61f077:0xfef480aff1b214a4\" target=\"_blank\" rel=\"noopener noreferrer\">Karte<br \/>\n<\/a><\/em>Bar ab 19.30 Uhr, Eintritt CHF 25.-\/10.-<br \/>\n<em>Reservationen an: info@ruedidebrunner.ch<br \/>\n<\/em><strong>G\u00c4STE: TRIO JARRET\/JOHANSSON\/VON MARTENS (Gitarre\/Piano\/Bass)<\/strong><\/p>\n<p><img loading=\"lazy\" decoding=\"async\" class=\"alignnone  wp-image-1918\" src=\"https:\/\/www.hoerundjetzt.ch\/wp-content\/uploads\/2026\/01\/Jarret-Johansson-von-Martens-photo-kopia-Kopie-300x225.jpg\" alt=\"\" width=\"795\" height=\"596\" srcset=\"https:\/\/www.hoerundjetzt.ch\/wp-content\/uploads\/2026\/01\/Jarret-Johansson-von-Martens-photo-kopia-Kopie-300x225.jpg 300w, https:\/\/www.hoerundjetzt.ch\/wp-content\/uploads\/2026\/01\/Jarret-Johansson-von-Martens-photo-kopia-Kopie-1024x769.jpg 1024w, https:\/\/www.hoerundjetzt.ch\/wp-content\/uploads\/2026\/01\/Jarret-Johansson-von-Martens-photo-kopia-Kopie.jpg 1417w\" sizes=\"auto, (max-width: 706px) 89vw, (max-width: 767px) 82vw, 740px\" \/><\/p>\n<p><strong><a href=\"https:\/\/www.hoerundjetzt.ch\/?page_id=274\" target=\"_blank\" rel=\"noopener\">R\u00dcCKBLICK<\/a> auf die SAISON 2025<\/strong><\/p>\n<p><strong><a href=\"https:\/\/www.hoerundjetzt.ch\/?page_id=1906\" target=\"_blank\" rel=\"noopener\">VORSCHAU<\/a> auf die SAISON 2026<\/strong><\/p>\n<style type=\"text\/css\">\n#foogallery-gallery-1926.fg-justified .fg-item { margin-right: 2px; margin-bottom: 2px; }\n#foogallery-gallery-1926.fg-justified .fg-image { height: 200px; }<\/style>\n\t\t\t<div class=\"foogallery foogallery-container foogallery-justified foogallery-lightbox-foogallery fg-justified fg-ready fg-light fg-shadow-outline fg-loading-default fg-loaded-fade-in fg-caption-always fg-hover-fade fg-hover-zoom2\" id=\"foogallery-gallery-1926\" data-foogallery=\"{&quot;item&quot;:{&quot;showCaptionTitle&quot;:true,&quot;showCaptionDescription&quot;:false},&quot;lazy&quot;:true,&quot;template&quot;:{&quot;rowHeight&quot;:200,&quot;maxRowHeight&quot;:300,&quot;margins&quot;:2,&quot;align&quot;:&quot;center&quot;,&quot;lastRow&quot;:&quot;smart&quot;}}\" data-foogallery-lightbox=\"{&quot;thumbs&quot;:&quot;bottom&quot;,&quot;thumbsCaptions&quot;:false,&quot;thumbsBestFit&quot;:false,&quot;thumbsSmall&quot;:false,&quot;thumbsCaptionsAlign&quot;:&quot;default&quot;,&quot;info&quot;:&quot;bottom&quot;,&quot;infoVisible&quot;:true,&quot;infoOverlay&quot;:true,&quot;infoAlign&quot;:&quot;default&quot;,&quot;transition&quot;:&quot;fade&quot;,&quot;hoverButtons&quot;:false,&quot;fitMedia&quot;:false,&quot;noScrollbars&quot;:true,&quot;preserveButtonSpace&quot;:true,&quot;buttons&quot;:{&quot;fullscreen&quot;:true,&quot;info&quot;:true,&quot;thumbs&quot;:false},&quot;video&quot;:{&quot;autoPlay&quot;:true}}\" style=\"--fg-title-line-clamp: 1; --fg-description-line-clamp: 2;\" >\n\t<div class=\"fg-item fg-type-image fg-idle\"><figure class=\"fg-item-inner\"><a href=\"https:\/\/www.hoerundjetzt.ch\/wp-content\/uploads\/2026\/01\/Berther-PressPic3-Photo-by-Alexandra-Baumgartner_MidSize-Kopie.jpeg\" data-attachment-id=\"1924\" data-type=\"image\" class=\"fg-thumb\"><span class=\"fg-image-wrap\"><img fetchpriority=\"high\" decoding=\"async\" height=\"300\" width=\"420\" class=\"skip-lazy fg-image\" data-src-fg=\"https:\/\/www.hoerundjetzt.ch\/wp-content\/uploads\/cache\/2026\/01\/Berther-PressPic3-Photo-by-Alexandra-Baumgartner_MidSize-Kopie\/1137939916.jpeg\" src=\"data:image\/svg+xml,%3Csvg%20xmlns%3D%22http%3A%2F%2Fwww.w3.org%2F2000%2Fsvg%22%20width%3D%22420%22%20height%3D%22300%22%20viewBox%3D%220%200%20420%20300%22%3E%3C%2Fsvg%3E\" loading=\"eager\"><\/span><span class=\"fg-image-overlay\"><\/span><\/a><\/figure><div class=\"fg-loader\"><\/div><\/div><div class=\"fg-item fg-type-image fg-idle\"><figure class=\"fg-item-inner\"><a href=\"https:\/\/www.hoerundjetzt.ch\/wp-content\/uploads\/2026\/01\/Manuel_Troller_2023_by-Anne-Morgenstern1-Kopie.tif\" data-attachment-id=\"1923\" data-type=\"image\" class=\"fg-thumb\"><span class=\"fg-image-wrap\"><img decoding=\"async\" height=\"300\" width=\"212\" class=\"skip-lazy fg-image\" data-src-fg=\"https:\/\/www.hoerundjetzt.ch\/wp-content\/uploads\/cache\/2026\/01\/Manuel_Troller_2023_by-Anne-Morgenstern1-Kopie\/21630248.tif\" src=\"data:image\/svg+xml,%3Csvg%20xmlns%3D%22http%3A%2F%2Fwww.w3.org%2F2000%2Fsvg%22%20width%3D%22212%22%20height%3D%22300%22%20viewBox%3D%220%200%20212%20300%22%3E%3C%2Fsvg%3E\" loading=\"eager\"><\/span><span class=\"fg-image-overlay\"><\/span><\/a><\/figure><div class=\"fg-loader\"><\/div><\/div><div class=\"fg-item fg-type-image fg-idle\"><figure class=\"fg-item-inner\"><a href=\"https:\/\/www.hoerundjetzt.ch\/wp-content\/uploads\/2026\/01\/Gemma-IMG_0658-Kopie.jpeg\" data-attachment-id=\"1922\" data-type=\"image\" class=\"fg-thumb\"><span class=\"fg-image-wrap\"><img decoding=\"async\" height=\"300\" width=\"200\" class=\"skip-lazy fg-image\" data-src-fg=\"https:\/\/www.hoerundjetzt.ch\/wp-content\/uploads\/cache\/2026\/01\/Gemma-IMG_0658-Kopie\/3318872194.jpeg\" src=\"data:image\/svg+xml,%3Csvg%20xmlns%3D%22http%3A%2F%2Fwww.w3.org%2F2000%2Fsvg%22%20width%3D%22200%22%20height%3D%22300%22%20viewBox%3D%220%200%20200%20300%22%3E%3C%2Fsvg%3E\" loading=\"eager\"><\/span><span class=\"fg-image-overlay\"><\/span><\/a><\/figure><div class=\"fg-loader\"><\/div><\/div><div class=\"fg-item fg-type-image fg-idle\"><figure class=\"fg-item-inner\"><a href=\"https:\/\/www.hoerundjetzt.ch\/wp-content\/uploads\/2026\/01\/Nussbaumer_Photo_-Vanessa-Hueppin-2025_-1-Kopie.png\" data-attachment-id=\"1921\" data-type=\"image\" class=\"fg-thumb\"><span class=\"fg-image-wrap\"><img decoding=\"async\" height=\"300\" width=\"200\" class=\"skip-lazy fg-image\" data-src-fg=\"https:\/\/www.hoerundjetzt.ch\/wp-content\/uploads\/cache\/2026\/01\/Nussbaumer_Photo_-Vanessa-Hueppin-2025_-1-Kopie\/873328978.png\" src=\"data:image\/svg+xml,%3Csvg%20xmlns%3D%22http%3A%2F%2Fwww.w3.org%2F2000%2Fsvg%22%20width%3D%22200%22%20height%3D%22300%22%20viewBox%3D%220%200%20200%20300%22%3E%3C%2Fsvg%3E\" loading=\"eager\"><\/span><span class=\"fg-image-overlay\"><\/span><\/a><\/figure><div class=\"fg-loader\"><\/div><\/div><div class=\"fg-item fg-type-image fg-idle\"><figure class=\"fg-item-inner\"><a href=\"https:\/\/www.hoerundjetzt.ch\/wp-content\/uploads\/2026\/01\/Flueckiger1\u00a9Giovanni-Zoda-Kopie.jpg\" data-attachment-id=\"1920\" data-type=\"image\" class=\"fg-thumb\"><span class=\"fg-image-wrap\"><img decoding=\"async\" height=\"300\" width=\"450\" class=\"skip-lazy fg-image\" data-src-fg=\"https:\/\/www.hoerundjetzt.ch\/wp-content\/uploads\/cache\/2026\/01\/Flueckiger1\u00a9Giovanni-Zoda-Kopie\/1309834693.jpg\" src=\"data:image\/svg+xml,%3Csvg%20xmlns%3D%22http%3A%2F%2Fwww.w3.org%2F2000%2Fsvg%22%20width%3D%22450%22%20height%3D%22300%22%20viewBox%3D%220%200%20450%20300%22%3E%3C%2Fsvg%3E\" loading=\"eager\"><\/span><span class=\"fg-image-overlay\"><\/span><\/a><\/figure><div class=\"fg-loader\"><\/div><\/div><div class=\"fg-item fg-type-image fg-idle\"><figure class=\"fg-item-inner\"><a href=\"https:\/\/www.hoerundjetzt.ch\/wp-content\/uploads\/2026\/01\/BernhardBamert.jpeg\" data-attachment-id=\"1919\" data-type=\"image\" class=\"fg-thumb\"><span class=\"fg-image-wrap\"><img decoding=\"async\" height=\"300\" width=\"300\" class=\"skip-lazy fg-image\" data-src-fg=\"https:\/\/www.hoerundjetzt.ch\/wp-content\/uploads\/cache\/2026\/01\/BernhardBamert\/230212875.jpeg\" src=\"data:image\/svg+xml,%3Csvg%20xmlns%3D%22http%3A%2F%2Fwww.w3.org%2F2000%2Fsvg%22%20width%3D%22300%22%20height%3D%22300%22%20viewBox%3D%220%200%20300%20300%22%3E%3C%2Fsvg%3E\" loading=\"eager\"><\/span><span class=\"fg-image-overlay\"><\/span><\/a><\/figure><div class=\"fg-loader\"><\/div><\/div><div class=\"fg-item fg-type-image fg-idle\"><figure class=\"fg-item-inner\"><a href=\"https:\/\/www.hoerundjetzt.ch\/wp-content\/uploads\/2026\/01\/Jarret-Johansson-von-Martens-photo-kopia-Kopie.jpg\" data-attachment-id=\"1918\" data-type=\"image\" class=\"fg-thumb\"><span class=\"fg-image-wrap\"><img decoding=\"async\" height=\"300\" width=\"400\" class=\"skip-lazy fg-image\" data-src-fg=\"https:\/\/www.hoerundjetzt.ch\/wp-content\/uploads\/cache\/2026\/01\/Jarret-Johansson-von-Martens-photo-kopia-Kopie\/4125060373.jpg\" src=\"data:image\/svg+xml,%3Csvg%20xmlns%3D%22http%3A%2F%2Fwww.w3.org%2F2000%2Fsvg%22%20width%3D%22400%22%20height%3D%22300%22%20viewBox%3D%220%200%20400%20300%22%3E%3C%2Fsvg%3E\" loading=\"eager\"><\/span><span class=\"fg-image-overlay\"><\/span><\/a><\/figure><div class=\"fg-loader\"><\/div><\/div><div class=\"fg-item fg-type-image fg-idle\"><figure class=\"fg-item-inner\"><a href=\"https:\/\/www.hoerundjetzt.ch\/wp-content\/uploads\/2026\/01\/Dieter-Ulrich-2007-02-02-Remiphoton-003.jpeg\" data-attachment-id=\"1915\" data-type=\"image\" class=\"fg-thumb\"><span class=\"fg-image-wrap\"><img decoding=\"async\" height=\"300\" width=\"450\" class=\"skip-lazy fg-image\" data-src-fg=\"https:\/\/www.hoerundjetzt.ch\/wp-content\/uploads\/cache\/2026\/01\/Dieter-Ulrich-2007-02-02-Remiphoton-003\/2879258763.jpeg\" src=\"data:image\/svg+xml,%3Csvg%20xmlns%3D%22http%3A%2F%2Fwww.w3.org%2F2000%2Fsvg%22%20width%3D%22450%22%20height%3D%22300%22%20viewBox%3D%220%200%20450%20300%22%3E%3C%2Fsvg%3E\" loading=\"eager\"><\/span><span class=\"fg-image-overlay\"><\/span><\/a><\/figure><div class=\"fg-loader\"><\/div><\/div><div class=\"fg-item fg-type-image fg-idle\"><figure class=\"fg-item-inner\"><a href=\"https:\/\/www.hoerundjetzt.ch\/wp-content\/uploads\/2026\/01\/MARCORUEDI-Kopie.jpg\" data-attachment-id=\"1925\" data-type=\"image\" class=\"fg-thumb\"><span class=\"fg-image-wrap\"><img decoding=\"async\" height=\"300\" width=\"375\" class=\"skip-lazy fg-image\" data-src-fg=\"https:\/\/www.hoerundjetzt.ch\/wp-content\/uploads\/cache\/2026\/01\/MARCORUEDI-Kopie\/4003721059.jpg\" src=\"data:image\/svg+xml,%3Csvg%20xmlns%3D%22http%3A%2F%2Fwww.w3.org%2F2000%2Fsvg%22%20width%3D%22375%22%20height%3D%22300%22%20viewBox%3D%220%200%20375%20300%22%3E%3C%2Fsvg%3E\" loading=\"eager\"><\/span><span class=\"fg-image-overlay\"><\/span><\/a><\/figure><div class=\"fg-loader\"><\/div><\/div><\/div>\n\n","protected":false},"excerpt":{"rendered":"<p>In der Konzertreihe h\u00f6r+jetzt l\u00e4dt das Duo K\u00e4ppeli\/Debrunner regelm\u00e4ssig G\u00e4ste ein zu frei improvisierten Konzerten in Trioformation. KONZERTORT: Pianolounge Aarau\u00a0Sch\u00f6nenwerderstrasse 42, 5000 Aarau (Karte) neben der Bushaltestelle Aarau,\u00a0Roggenhausen AKTUELL DIENSTAG, 21. APRIL 2026, 20 UHR PIANOLOUNGE AARAU Sch\u00f6nenwerderstrasse 42, 5000 Aarau\u00a0Karte Bar ab 19.30 Uhr, Eintritt CHF 25.-\/10.- Reservationen an: info@ruedidebrunner.ch G\u00c4STE: TRIO JARRET\/JOHANSSON\/VON MARTENS &hellip; <\/p>\n<p class=\"link-more\"><a href=\"https:\/\/www.hoerundjetzt.ch\/\" class=\"more-link\"><span class=\"screen-reader-text\">\u201eAKTUELL\u201c <\/span>weiterlesen<\/a><\/p>\n","protected":false},"author":1,"featured_media":0,"parent":0,"menu_order":0,"comment_status":"closed","ping_status":"closed","template":"","meta":{"footnotes":""},"class_list":["post-9","page","type-page","status-publish","hentry"],"_links":{"self":[{"href":"https:\/\/www.hoerundjetzt.ch\/index.php?rest_route=\/wp\/v2\/pages\/9","targetHints":{"allow":["GET"]}}],"collection":[{"href":"https:\/\/www.hoerundjetzt.ch\/index.php?rest_route=\/wp\/v2\/pages"}],"about":[{"href":"https:\/\/www.hoerundjetzt.ch\/index.php?rest_route=\/wp\/v2\/types\/page"}],"author":[{"embeddable":true,"href":"https:\/\/www.hoerundjetzt.ch\/index.php?rest_route=\/wp\/v2\/users\/1"}],"replies":[{"embeddable":true,"href":"https:\/\/www.hoerundjetzt.ch\/index.php?rest_route=%2Fwp%2Fv2%2Fcomments&post=9"}],"version-history":[{"count":394,"href":"https:\/\/www.hoerundjetzt.ch\/index.php?rest_route=\/wp\/v2\/pages\/9\/revisions"}],"predecessor-version":[{"id":2048,"href":"https:\/\/www.hoerundjetzt.ch\/index.php?rest_route=\/wp\/v2\/pages\/9\/revisions\/2048"}],"wp:attachment":[{"href":"https:\/\/www.hoerundjetzt.ch\/index.php?rest_route=%2Fwp%2Fv2%2Fmedia&parent=9"}],"curies":[{"name":"wp","href":"https:\/\/api.w.org\/{rel}","templated":true}]}}