{"id":826,"date":"2018-12-21T20:21:00","date_gmt":"2018-12-21T21:21:00","guid":{"rendered":"https:\/\/www.hoerundjetzt.ch\/?page_id=826"},"modified":"2019-09-16T18:37:27","modified_gmt":"2019-09-16T19:37:27","slug":"freitag-13-dezember-2019-gast-clara-buntin-sprache","status":"publish","type":"page","link":"https:\/\/www.hoerundjetzt.ch\/?page_id=826","title":{"rendered":"Freitag, 13. Dezember 2019 Gast: Clara Buntin &#8211; Sprache"},"content":{"rendered":"<p><strong>FREITAG, 13. DEZEMBER 2019, 20 UHR<br \/>\n<\/strong>PIANOLOUNGE AARAU WEST\u00a0<span style=\"font-size: 10pt;\">Sch\u00f6nenwerderstrasse 42, 5000 Aarau\u00a0<\/span><span style=\"font-size: 10pt;\"><em><a href=\"https:\/\/www.google.de\/maps\/place\/Sch\u00f6nenwerderstrasse+42,+5000+Aarau,+Schweiz\/@47.3858356,8.0348698,17z\/data=!3m1!4b1!4m2!3m1!1s0x47903bc02c61f077:0xfef480aff1b214a4\" target=\"_blank\" rel=\"noopener noreferrer\">Karte<br \/>\n<\/a><\/em><\/span><span style=\"font-size: 10pt;\">Bar ab 19.00 Uhr, Eintritt CHF 25.-\/10.- ,\u00a0<\/span><span style=\"font-size: 10pt;\">Kein Vorverkauf, Abendkasse<br \/>\n<\/span>CLARA BUNTIN &#8211; SPRACHE<br \/>\nRUEDI DEBRUNNER &#8211; KLARINETTE, KLAVIER<br \/>\nMARCO K\u00c4PPELI &#8211; PERCUSSION<\/p>\n<p><img loading=\"lazy\" decoding=\"async\" class=\"alignnone wp-image-831\" src=\"https:\/\/www.hoerundjetzt.ch\/wp-content\/uploads\/2018\/12\/ClaraL1010525-links-300x242.jpeg\" alt=\"\" width=\"622\" height=\"502\" srcset=\"https:\/\/www.hoerundjetzt.ch\/wp-content\/uploads\/2018\/12\/ClaraL1010525-links-300x242.jpeg 300w, https:\/\/www.hoerundjetzt.ch\/wp-content\/uploads\/2018\/12\/ClaraL1010525-links-1024x825.jpeg 1024w\" sizes=\"auto, (max-width: 622px) 100vw, 622px\" \/><\/p>\n<p><strong>Clara Buntin &#8211; Sprache<\/strong><\/p>\n<p>Clara Buntin, eine K\u00fcnstlerin mit italienischen Wurzeln, ist in M\u00fcnchen aufgewachsen und lebt heute in Z\u00fcrich. Sie ist sowohl in der Musik wie auch in der Welt des Theaters zuhause. Einen Namen machte sie sich mit der A- Cappella- Band \u201eThe Sophisticrats\u201c zusammen mit Eva Enderlin, Erika Stucky, Vonne Geraedts und Marco Raoult am Kontrabass. In ihren zwei ersten Soloprogrammen \u201eStimmfilm\u201c und \u201eIch und Clara\u201c vertonte und synchronisierte Clara Buntin ihre selbst gedrehten Super Acht- Filme. Nun ist sie mit ihrem dritten Programm \u201eClip und Clara\u201c als gut eingespieltes Solo unterwegs. Seit 2014 ist sie \u201eFr\u00fch- St\u00fcck\u201c- Autorin bei Radio SRF2.<\/p>\n<p><a href=\"http:\/\/www.clarabuntin.ch\/\" target=\"_blank\" rel=\"noopener noreferrer\">www.clarabuntin.ch<\/a><\/p>\n","protected":false},"excerpt":{"rendered":"<p>FREITAG, 13. DEZEMBER 2019, 20 UHR PIANOLOUNGE AARAU WEST\u00a0Sch\u00f6nenwerderstrasse 42, 5000 Aarau\u00a0Karte Bar ab 19.00 Uhr, Eintritt CHF 25.-\/10.- ,\u00a0Kein Vorverkauf, Abendkasse CLARA BUNTIN &#8211; SPRACHE RUEDI DEBRUNNER &#8211; KLARINETTE, KLAVIER MARCO K\u00c4PPELI &#8211; PERCUSSION Clara Buntin &#8211; Sprache Clara Buntin, eine K\u00fcnstlerin mit italienischen Wurzeln, ist in M\u00fcnchen aufgewachsen und lebt heute in Z\u00fcrich. &hellip; <\/p>\n<p class=\"link-more\"><a href=\"https:\/\/www.hoerundjetzt.ch\/?page_id=826\" class=\"more-link\"><span class=\"screen-reader-text\">\u201eFreitag, 13. Dezember 2019 Gast: Clara Buntin &#8211; Sprache\u201c <\/span>weiterlesen<\/a><\/p>\n","protected":false},"author":1,"featured_media":0,"parent":0,"menu_order":0,"comment_status":"closed","ping_status":"closed","template":"","meta":{"footnotes":""},"class_list":["post-826","page","type-page","status-publish","hentry"],"_links":{"self":[{"href":"https:\/\/www.hoerundjetzt.ch\/index.php?rest_route=\/wp\/v2\/pages\/826","targetHints":{"allow":["GET"]}}],"collection":[{"href":"https:\/\/www.hoerundjetzt.ch\/index.php?rest_route=\/wp\/v2\/pages"}],"about":[{"href":"https:\/\/www.hoerundjetzt.ch\/index.php?rest_route=\/wp\/v2\/types\/page"}],"author":[{"embeddable":true,"href":"https:\/\/www.hoerundjetzt.ch\/index.php?rest_route=\/wp\/v2\/users\/1"}],"replies":[{"embeddable":true,"href":"https:\/\/www.hoerundjetzt.ch\/index.php?rest_route=%2Fwp%2Fv2%2Fcomments&post=826"}],"version-history":[{"count":6,"href":"https:\/\/www.hoerundjetzt.ch\/index.php?rest_route=\/wp\/v2\/pages\/826\/revisions"}],"predecessor-version":[{"id":923,"href":"https:\/\/www.hoerundjetzt.ch\/index.php?rest_route=\/wp\/v2\/pages\/826\/revisions\/923"}],"wp:attachment":[{"href":"https:\/\/www.hoerundjetzt.ch\/index.php?rest_route=%2Fwp%2Fv2%2Fmedia&parent=826"}],"curies":[{"name":"wp","href":"https:\/\/api.w.org\/{rel}","templated":true}]}}