{"id":813,"date":"2018-12-21T20:16:46","date_gmt":"2018-12-21T21:16:46","guid":{"rendered":"https:\/\/www.hoerundjetzt.ch\/?page_id=813"},"modified":"2019-09-16T18:36:08","modified_gmt":"2019-09-16T19:36:08","slug":"freitag-20-september-2019-gast-roberto-domeniconi-klavier","status":"publish","type":"page","link":"https:\/\/www.hoerundjetzt.ch\/?page_id=813","title":{"rendered":"Freitag, 20. September 2019 Gast: Roberto Domeniconi &#8211; Klavier"},"content":{"rendered":"<p><strong>FREITAG, 20. SEPTEMBER 2019, 20 UHR<br \/>\n<\/strong>PIANOLOUNGE AARAU WEST\u00a0<span style=\"font-size: 10pt;\">Sch\u00f6nenwerderstrasse 42, 5000 Aarau\u00a0<\/span><span style=\"font-size: 10pt;\"><em><a href=\"https:\/\/www.google.de\/maps\/place\/Sch\u00f6nenwerderstrasse+42,+5000+Aarau,+Schweiz\/@47.3858356,8.0348698,17z\/data=!3m1!4b1!4m2!3m1!1s0x47903bc02c61f077:0xfef480aff1b214a4\" target=\"_blank\" rel=\"noopener noreferrer\">Karte<br \/>\n<\/a><\/em><\/span><span style=\"font-size: 10pt;\">Bar ab 19.00 Uhr, Eintritt CHF 25.-\/10.- ,\u00a0<\/span><span style=\"font-size: 10pt;\">Kein Vorverkauf, Abendkasse<br \/>\n<\/span>ROBERTO DOMENICONI &#8211; KLAVIER<br \/>\nRUEDI DEBRUNNER &#8211; KLARINETTE, KLAVIER<br \/>\nMARCO K\u00c4PPELI &#8211; PERCUSSION<\/p>\n<p><img loading=\"lazy\" decoding=\"async\" class=\"alignnone wp-image-814\" src=\"https:\/\/www.hoerundjetzt.ch\/wp-content\/uploads\/2018\/12\/roberto2-200x300.jpg\" alt=\"\" width=\"597\" height=\"896\" \/><\/p>\n<p><strong>Roberto Domeniconi<\/strong><\/p>\n<p>In Schaffhausen am 27. Dezember 1961 geboren. Lebt seit 1997 in Z\u00fcrich<\/p>\n<p>Bewegt sich in den Bereichen improvisierte Musik, Jazz und Komposition.<\/p>\n<p>Festivals: Jazz&amp;Rock Festival Augst, Jazzfestival Montreux, Estival Jazz Lugano, Schaffhauser Jazzfestival, SOHO Think Tank Festival in Manhattan NY, Berkshire Theatre Festival NY, Forum de Barcelona (LEM-Festival), Belgrad Jazzfestival, Unerh\u00f6rt, Jazzfestival Willisau.<br \/>\nZusammenarbeit mit: Gabriel Schiltknecht, Jean Graedel, Graziella Rossi, Guido Ramella, Fritz Sauter, Saheb Sarbib, Mark Whitecage, Lars Lindvall, David Boato, Joe Cunningham, Melvin Butler, Olivier Glissant, Matthew Garrison, Helmut Vogel, Matteo Bellinelli, Lawrence Butch Morris, Hans Koch, Jan Schlegel, Bruno Amstad, Fredy Studer, Christy Doran, Bobby Burri, Makaya Ntshoko, Stefan Tabacznik, Harald Haerter, Achim Escher, Peter Sch\u00e4rli, Norbert Pfammatter, Christian Weber, H\u00e4mi H\u00e4mmerli, Marilyn Crispell, Flo G\u00f6tte, Bruno Spoerri, Flo Stoffner, Paul Lovens, Sheldon Suter, Markus Eichenberger, Christof Gallio, Steve Buchanon, Francesco Miccolis, Martina Berther, Emanuel K\u00fcnzi, Roland von Fl\u00fce, Beat Keller, Simon Berz, J\u00fcrg Halter, Peter Landis, Lino Bl\u00f6chlinger, Sebastian Strinning, Bernhard Bamert, Yumi Ito, David Meier, Lukas Mantel, Valerio Lepori, Haco&#8230;<\/p>\n<p>Film und Theater: Jugendtheater \u00abSpatz&amp;Co.\u00bb (Regie: Jean Graedel), \u00abGutter Sparrow\u00bb NYC (Regie: Robert Lions), \u00abPianeta Notte\u00bb (Regie: Matteo Bellinelli RTSI\/3sat), Werbetrailer Stadt Luzern (RWB Film Luzern), \u00abAngeli non ne ho mai visti\u00bb (Regie: Matteo Bellinelli CARAC Film).<br \/>\nDiscographie: Blue Library of Bubbles (BLoB) \u00abAll This Dark Matter\u00bb 1992, Campo di Anime Piano-Solo Ediciones CAMA 1996, Musik f\u00fcr Astronauten Solo-4track-Tape Ediciones CAMA 2000, &gt;&gt;Vierklang \u201cMusik f\u00fcr Astronauten\u201d Unit Records 2003, &gt;&gt;Vierklang \u201cRaumzeit\u201d Unit Records 2005, Der Grosse B\u00e4r \u2013 das zirkumpolare Jazzorchester Unit Records 2012, \u201cImprovisations\u201d mit Markus Eichenberger Unit Records 2018, \u201cQuit Dreams\u201d Creative Sources Recordings 2018.<\/p>\n<p>Zurzeit in folgenden Gruppen involviert: Der Grosse B\u00e4r, Trio mit Jan Schlegel und Sheldon Suter, Duo mit Markus Eichenberger, Trio mit Bruno Spoerri und Gabriel Schiltknecht, Octopus, &gt;&gt;Vierklang, Le String Bl\u00f6, Rapid Ear Movement, Jonas Imhof Quartett. \u00a0<a href=\"http:\/\/www.robertodomeniconi.ch\/\" target=\"_blank\" rel=\"noopener noreferrer\">http:\/\/www.robertodomeniconi.ch<\/a><\/p>\n","protected":false},"excerpt":{"rendered":"<p>FREITAG, 20. SEPTEMBER 2019, 20 UHR PIANOLOUNGE AARAU WEST\u00a0Sch\u00f6nenwerderstrasse 42, 5000 Aarau\u00a0Karte Bar ab 19.00 Uhr, Eintritt CHF 25.-\/10.- ,\u00a0Kein Vorverkauf, Abendkasse ROBERTO DOMENICONI &#8211; KLAVIER RUEDI DEBRUNNER &#8211; KLARINETTE, KLAVIER MARCO K\u00c4PPELI &#8211; PERCUSSION Roberto Domeniconi In Schaffhausen am 27. Dezember 1961 geboren. Lebt seit 1997 in Z\u00fcrich Bewegt sich in den Bereichen improvisierte &hellip; <\/p>\n<p class=\"link-more\"><a href=\"https:\/\/www.hoerundjetzt.ch\/?page_id=813\" class=\"more-link\"><span class=\"screen-reader-text\">\u201eFreitag, 20. September 2019 Gast: Roberto Domeniconi &#8211; Klavier\u201c <\/span>weiterlesen<\/a><\/p>\n","protected":false},"author":1,"featured_media":0,"parent":0,"menu_order":0,"comment_status":"closed","ping_status":"closed","template":"","meta":{"footnotes":""},"class_list":["post-813","page","type-page","status-publish","hentry"],"_links":{"self":[{"href":"https:\/\/www.hoerundjetzt.ch\/index.php?rest_route=\/wp\/v2\/pages\/813","targetHints":{"allow":["GET"]}}],"collection":[{"href":"https:\/\/www.hoerundjetzt.ch\/index.php?rest_route=\/wp\/v2\/pages"}],"about":[{"href":"https:\/\/www.hoerundjetzt.ch\/index.php?rest_route=\/wp\/v2\/types\/page"}],"author":[{"embeddable":true,"href":"https:\/\/www.hoerundjetzt.ch\/index.php?rest_route=\/wp\/v2\/users\/1"}],"replies":[{"embeddable":true,"href":"https:\/\/www.hoerundjetzt.ch\/index.php?rest_route=%2Fwp%2Fv2%2Fcomments&post=813"}],"version-history":[{"count":3,"href":"https:\/\/www.hoerundjetzt.ch\/index.php?rest_route=\/wp\/v2\/pages\/813\/revisions"}],"predecessor-version":[{"id":920,"href":"https:\/\/www.hoerundjetzt.ch\/index.php?rest_route=\/wp\/v2\/pages\/813\/revisions\/920"}],"wp:attachment":[{"href":"https:\/\/www.hoerundjetzt.ch\/index.php?rest_route=%2Fwp%2Fv2%2Fmedia&parent=813"}],"curies":[{"name":"wp","href":"https:\/\/api.w.org\/{rel}","templated":true}]}}