{"id":648,"date":"2017-12-07T19:03:58","date_gmt":"2017-12-07T20:03:58","guid":{"rendered":"https:\/\/www.hoerundjetzt.ch\/?page_id=648"},"modified":"2019-09-16T19:39:48","modified_gmt":"2019-09-16T20:39:48","slug":"donnerstag-24-mai-2018-gaeste-trio-kimmig-studer-zimmerlin","status":"publish","type":"page","link":"https:\/\/www.hoerundjetzt.ch\/?page_id=648","title":{"rendered":"Donnerstag, 24. Mai 2018 G\u00e4ste: Trio Kimmig\/Studer\/Zimmerlin"},"content":{"rendered":"<p style=\"text-align: right;\"><em><a href=\"https:\/\/www.hoerundjetzt.ch\/\">Startseite<\/a><\/em><\/p>\n<p><strong>DONNERSTAG, 24. MAI 2018, 20 UHR<br \/>\n<\/strong>PIANOLOUNGE AARAU WEST\u00a0<span style=\"font-size: 10pt;\">Sch\u00f6nenwerderstrasse 42, 5000 Aarau\u00a0<\/span><span style=\"font-size: 10pt;\"><em><a href=\"https:\/\/www.google.de\/maps\/place\/Sch\u00f6nenwerderstrasse+42,+5000+Aarau,+Schweiz\/@47.3858356,8.0348698,17z\/data=!3m1!4b1!4m2!3m1!1s0x47903bc02c61f077:0xfef480aff1b214a4\" target=\"_blank\" rel=\"noopener noreferrer\">Karte<br \/>\n<\/a><\/em><\/span><span style=\"font-size: 10pt;\">Bar ab 19.00 Uhr, Eintritt CHF 25.-\/10.- ,\u00a0<\/span><span style=\"font-size: 10pt;\">Kein Vorverkauf, Abendkasse<br \/>\n<\/span>HARALD KIMMIG &#8211; VIOLINE<br \/>\nALFRED ZIMMERLIN &#8211; CELLO<br \/>\nDANIEL STUDER &#8211; KONTRABASS<br \/>\nRUEDI DEBRUNNER &#8211; KLARINETTE, KLAVIER<br \/>\nMARCO K\u00c4PPELI &#8211; PERCUSSION<span style=\"color: #ffff00;\"><br \/>\n<\/span>______________________________________________<br \/>\n<img loading=\"lazy\" decoding=\"async\" class=\"alignnone wp-image-649\" src=\"https:\/\/www.hoerundjetzt.ch\/wp-content\/uploads\/2017\/12\/kistuzi989-300x225.jpg\" alt=\"\" width=\"663\" height=\"497\" srcset=\"https:\/\/www.hoerundjetzt.ch\/wp-content\/uploads\/2017\/12\/kistuzi989-300x225.jpg 300w, https:\/\/www.hoerundjetzt.ch\/wp-content\/uploads\/2017\/12\/kistuzi989-1024x768.jpg 1024w\" sizes=\"auto, (max-width: 663px) 100vw, 663px\" \/><br \/>\n<strong>Trio Kimmig\/Studer\/Zimmerlin<\/strong><\/p>\n<p>\u201e&#8230;Stilistisch mag man nicht nach Schubl\u00e4dchen sinnen. Es ist Musik aus dem vollen Hier und Jetzt, mit Sinn f\u00fcr Form, Dynamik und auch ein bisschen Extravaganz: ungeschriebene Partituren, die in einem interaktiven Prozess aus dem Moment heraus h\u00f6rbar gemacht werden. Das Trio kann fl\u00fcstern und wildern, Spannung halten, ausscheren und nackt in sich gehen. Musik ist pl\u00f6tzlich ein Zw\u00f6lfton- Ger\u00e4usch oder eine durchl\u00e4ssige Architektur. Alles ist m\u00f6glich, aber was es braucht, ist wichtiger. Kimmig Studer Zimmerlin sind da mittendrin.\u201c (Pirmin Bossart, Jazz&#8217;n&#8217;more, 2013)<\/p>\n<p>Konzerte in Deutschland, \u00d6sterreich und der Schweiz, Tage f\u00fcr Neue Musik Z\u00fcrich, Densit\u00e9s Fresnes-en-Woevre, Konfrontationen Nickelsdorf, Kaleidophon Ulrichsberg, Musikpodium der Stadt Z\u00fcrich, Exploratorium Berlin.<\/p>\n<p>Konzertserien mit John Butcher, Elliott Sharp, Jacques Demierre, Gerry Hemingway, Phil Minton, Vinz Vonlanthen.<\/p>\n<p>Diverse Radioaufnahmen und Sendungen SWR2, SRF2, France Radio.<\/p>\n<p>Doppel CD \u201eerz\u00e4hlend nah\u201c, Unit Records, UTR 4373, 2013 mit Live Aufnahmen des SWR2 und Studioaufnahmen von Radio SRF2. <a href=\"http:\/\/www.kimmig-studer-zimmerlin.ch\"><strong>www.kimmig-studer-zimmerlin.ch<\/strong><\/a><\/p>\n<p><strong>\u00a0<\/strong><strong>Harald Kimmig<\/strong> erhielt eine klassische Ausbildung von 1966 bis 1974 und erg\u00e4nzte seine Studien bei D.Baker, M.B.Fenell, J.Tchicai und C.Taylor. Seit 1984 ist der Geiger professioneller Musiker. Er gibt Solokonzerte spielte von 1984 bis 1995 in der Gruppe &#8218;kxutrio&#8216; (mit G. Wolf, Kontrabass u. H. Lukas Lindenmaier, Schlagzeug), ist Co-Leader der Grossformation &#8218;F-Orkestra&#8216;, die neben Solisten wie B. Collette, P. Kowald, S. Lacy u.a. zahlreiche Musikperformances pr\u00e4sentierte (Schrottmusik 1988, Niggermusik?! 1993, Es Gab Cis De Fis 1996, Der L\u00e4rm der Freiheit 1999).<\/p>\n<p>Als Solist arbeitete Harald Kimmig u.a. mit J. Tchicai, L. Konitz, I. Schweizer, M. Nicols, G. Hampel, Sirone. Aus der mehrj\u00e4hrigen Zusammenarbeit mit C. Taylor gingen die beiden CDs &#8218;Legba Crossing&#8216; und &#8218;Corona: Looking&#8216; hervor.<\/p>\n<p>Aus der Zusammenarbeit mit T\u00e4nzerInnen\/ Choreo- grafInnen entstanden Performances wie &#8218;Untitled Memories Gate 7&#8216; und &#8218;Himmel und Erde'(mit L. Stahl), &#8218;The Crocodile&#8216; (mit A. Furukawa), &#8218;Once in a Lifetime&#8216; (mit Pretty Ugly Dance Company\/Amanda Miller), &#8218;Idiom'(Choreo. Charlotte Zerbey\/ Alessandro Certini) u.a.<br \/>\nAls Komponist schreibt Harald Kimmig Musiken f\u00fcr Film und Theater, ebenso wie Streichquartette und gr\u00f6\u00dfere Orchesterwerke (&#8218;Der Lauf des Lichtes und der Dunkelheit&#8216; Oratorium, 1999). <a href=\"http:\/\/www.haraldkimmig.de\">www.haraldkimmig.de<\/a><\/p>\n<p><strong>Daniel Studer<\/strong> (*1961), lebt mit seiner Familie in Z\u00fcrich (von 1981 bis 1995 in Rom). Master of Arts in Musikp\u00e4dagogik, Gastkomponist im Elektronischen Studio in Basel, Komposition bei J. Sch\u00f6llhorn.<\/p>\n<p>Werkjahr der Stadt Z\u00fcrich 2010.<\/p>\n<p>Improvisation und gemischte Formen von Improvisation und Komposition stehen im Zentrum der Arbeit. Verschiedene Raumprojekte, Projekte mit Live Elektronik, Musik und Sprache, Musik und Tanz, Musik zu Videopoesien. Kontinuierliche Zusammenarbeit mit Markus Eichenberger, Peter K Frey, Mischa K\u00e4ser, Katharina Klement, Giancarlo Schiaffini, Dieter Ulrich und Alfred Zimmerlin.<\/p>\n<p>Spielt mit dem Kontrabassduo Studer-Frey, Kimmig-Studer-Zimmerlin, Solo, Trio III-VII-XII (mit Mischa K\u00e4ser und Urs Haenggli) und Friedli-Studer-Ulrich.<\/p>\n<p>Konzerte, Festivals und Radioaufnahmen in verschiedenen Formationen in Europa, USA und Japan u.a. mit L.ester Bowie, John Butcher, Jacques Demierre, Michel Doneda, Steve Grossmann, Gerry Hemingway, Barney Kessel, Riccardo Lay, Magda Mayas, Mike Melillo, Phil Minton, Evan Parker, Tony Scott, Urs Voerkel, Bobby Watson.<\/p>\n<p>Aufnahmen u.a. mit Kontrabassduo Studer-Frey, Kimmig-Studer-Zimmerlin, Giancarlo Schiaffini Quintett, Solo, Gabriela Friedli Trio, In Transit, Streichtrio Coen-Penazzi-Studer, Markus Eichenberger&#8217;s Domino, Day &amp; Taxi auf den Labels Intakt, Edition RZ, EMANEM, Konnex, Percaso, Unit Records.<\/p>\n<p>Unterrichtet Improvisation an verschiedenen Musikschulen, u.a. an der Hochschule der K\u00fcnste Bern sowie der Musikhochschule Kalaidos. <a href=\"http:\/\/www.danielstuder.ch\">www.danielstuder.ch<\/a><\/p>\n<p><strong>Alfred Zimmerlin<\/strong> (*1955). Studium der Musikwissenschaft und Musikethnologie an der Universit\u00e4t Z\u00fcrich bei K. von Fischer und W. Laade. Theorie bei P. Benary, Kompositionsstudien bei H. W\u00fcthrich und H. U. Lehmann. Seit 1980 Mitarbeit in der &#8222;Werkstatt f\u00fcr improvisierte Musik&#8220; (WIM) Z\u00fcrich. 1982 und 1984 Werkjahrstipendien des Aargauischen Kuratoriums, 1986 Musikpreis der C. F. Meyer-Stiftung, 1988 Werkjahr f\u00fcr Komposition der Stadt Z\u00fcrich, 1999 erneut Werkjahr des Aargauischen Kuratoriums. 2001 auf Einladung von Pro Helvetia R\u00e9sidence in Kairo. Als improvisierender Musiker (Violoncello) international in verschiedenen Formationen t\u00e4tig, Konzerte und Rundfunkaufnahmen in Europa und den USA.<\/p>\n<p>Kulturpreis 2014 des Kantons Z\u00fcrich und Zolliker Kunstpreis 2014.<\/p>\n<p>Die Werkliste von Alfred Zimmerlin ist umfangreich, darunter finden sich Klavierst\u00fccke, Kammermusik mit oder ohne Live-Elektronik, Vokalmusik, Orchestermusik, Musiktheater, aber auch Arbeiten f\u00fcr Rundfunk und Film. Zu seinen Hauptwerken geh\u00f6ren \u00abGezeiten der Zeit\u00bb (Streichorchester), \u00abCueillis par la m\u00e9moire des vo\u00fbtes\u00bb (Saxophonquartett und Streichorchester), die Kammeroper \u00abEuridice singt\u00bb, drei Streichquartette, die \u00abNeidhartlieder\u00bb (Sopran und vier Renaissance-Blockfl\u00f6ten), das \u00abCembalo-Buch\u00bb, \u00abIn Bewegung (Nature Morte au Rideau)\u00bb f\u00fcr Klavier, Streichorchester und CD-Zuspiel, \u00abWeisse Bewegung\u00bb f\u00fcr Violoncello, Klavier und Schlagzeug, das Quintett f\u00fcr Klarinette und Streichquartett oder \u00abZerstreut in Arbeit mit W\u00f6rtern\u00bb f\u00fcr Sopran, Klavier und Zuspiel-CD.<\/p>\n<p>Als improvisierender Musiker ist Alfred Zimmerlin auf zahlreichen Schallplatten zu h\u00f6ren, darunter Aufnahmen mit dem Trio KARL ein KARL, dem Tony Oxley Celebration Orchestra, Christoph Gallio, The Great Musaurian Songbook u.v.a.m. Kompositionen von ihm wurden auf den Labels ECM, Jecklin Disco, R\u00c9R, Altri Suoni und Edition Wandelweiser Records ver\u00f6ffentlicht.<\/p>\n<p>Dozent f\u00fcr das Fach Improvisation an der Hochschule f\u00fcr Musik Basel.<\/p>\n<p><a href=\"http:\/\/www.alfredzimmerlin.ch\">www.alfredzimmerlin.ch<\/a><\/p>\n","protected":false},"excerpt":{"rendered":"<p>Startseite DONNERSTAG, 24. MAI 2018, 20 UHR PIANOLOUNGE AARAU WEST\u00a0Sch\u00f6nenwerderstrasse 42, 5000 Aarau\u00a0Karte Bar ab 19.00 Uhr, Eintritt CHF 25.-\/10.- ,\u00a0Kein Vorverkauf, Abendkasse HARALD KIMMIG &#8211; VIOLINE ALFRED ZIMMERLIN &#8211; CELLO DANIEL STUDER &#8211; KONTRABASS RUEDI DEBRUNNER &#8211; KLARINETTE, KLAVIER MARCO K\u00c4PPELI &#8211; PERCUSSION ______________________________________________ Trio Kimmig\/Studer\/Zimmerlin \u201e&#8230;Stilistisch mag man nicht nach Schubl\u00e4dchen sinnen. Es &hellip; <\/p>\n<p class=\"link-more\"><a href=\"https:\/\/www.hoerundjetzt.ch\/?page_id=648\" class=\"more-link\"><span class=\"screen-reader-text\">\u201eDonnerstag, 24. Mai 2018 G\u00e4ste: Trio Kimmig\/Studer\/Zimmerlin\u201c <\/span>weiterlesen<\/a><\/p>\n","protected":false},"author":1,"featured_media":0,"parent":0,"menu_order":0,"comment_status":"closed","ping_status":"closed","template":"","meta":{"footnotes":""},"class_list":["post-648","page","type-page","status-publish","hentry"],"_links":{"self":[{"href":"https:\/\/www.hoerundjetzt.ch\/index.php?rest_route=\/wp\/v2\/pages\/648","targetHints":{"allow":["GET"]}}],"collection":[{"href":"https:\/\/www.hoerundjetzt.ch\/index.php?rest_route=\/wp\/v2\/pages"}],"about":[{"href":"https:\/\/www.hoerundjetzt.ch\/index.php?rest_route=\/wp\/v2\/types\/page"}],"author":[{"embeddable":true,"href":"https:\/\/www.hoerundjetzt.ch\/index.php?rest_route=\/wp\/v2\/users\/1"}],"replies":[{"embeddable":true,"href":"https:\/\/www.hoerundjetzt.ch\/index.php?rest_route=%2Fwp%2Fv2%2Fcomments&post=648"}],"version-history":[{"count":3,"href":"https:\/\/www.hoerundjetzt.ch\/index.php?rest_route=\/wp\/v2\/pages\/648\/revisions"}],"predecessor-version":[{"id":937,"href":"https:\/\/www.hoerundjetzt.ch\/index.php?rest_route=\/wp\/v2\/pages\/648\/revisions\/937"}],"wp:attachment":[{"href":"https:\/\/www.hoerundjetzt.ch\/index.php?rest_route=%2Fwp%2Fv2%2Fmedia&parent=648"}],"curies":[{"name":"wp","href":"https:\/\/api.w.org\/{rel}","templated":true}]}}