{"id":634,"date":"2017-12-07T18:46:33","date_gmt":"2017-12-07T19:46:33","guid":{"rendered":"https:\/\/www.hoerundjetzt.ch\/?page_id=634"},"modified":"2019-09-16T19:40:24","modified_gmt":"2019-09-16T20:40:24","slug":"christoph-gallio","status":"publish","type":"page","link":"https:\/\/www.hoerundjetzt.ch\/?page_id=634","title":{"rendered":"Freitag, 27. April 2018 Gast: Christoph Gallio &#8211; Saxophon"},"content":{"rendered":"<p style=\"text-align: right;\"><em><a href=\"https:\/\/www.hoerundjetzt.ch\/\">Startseite<\/a><\/em><\/p>\n<p><strong>FREITAG, 27. APRIL 2018, 20 UHR<br \/>\n<\/strong>PIANOLOUNGE AARAU WEST\u00a0<span style=\"font-size: 10pt;\">Sch\u00f6nenwerderstrasse 42, 5000 Aarau\u00a0<\/span><span style=\"font-size: 10pt;\"><em><a href=\"https:\/\/www.google.de\/maps\/place\/Sch\u00f6nenwerderstrasse+42,+5000+Aarau,+Schweiz\/@47.3858356,8.0348698,17z\/data=!3m1!4b1!4m2!3m1!1s0x47903bc02c61f077:0xfef480aff1b214a4\" target=\"_blank\" rel=\"noopener noreferrer\">Karte<br \/>\n<\/a><\/em><\/span><span style=\"font-size: 10pt;\">Bar ab 19.00 Uhr, Eintritt CHF 25.-\/10.- ,\u00a0<\/span><span style=\"font-size: 10pt;\">Kein Vorverkauf, Abendkasse<br \/>\n<\/span>CHRISTOPH GALLIO &#8211; SAXOPHON<br \/>\nRUEDI DEBRUNNER &#8211; KLARINETTE, KLAVIER<br \/>\nMARCO K\u00c4PPELI &#8211; PERCUSSION<span style=\"color: #ffff00;\"><br \/>\n<\/span>______________________________________________<\/p>\n<p><strong><img loading=\"lazy\" decoding=\"async\" class=\"alignnone wp-image-644\" src=\"https:\/\/www.hoerundjetzt.ch\/wp-content\/uploads\/2017\/12\/Gallio-300x200.jpg\" alt=\"\" width=\"704\" height=\"469\" srcset=\"https:\/\/www.hoerundjetzt.ch\/wp-content\/uploads\/2017\/12\/Gallio-300x200.jpg 300w, https:\/\/www.hoerundjetzt.ch\/wp-content\/uploads\/2017\/12\/Gallio-1024x683.jpg 1024w\" sizes=\"auto, (max-width: 704px) 100vw, 704px\" \/><br \/>\n<\/strong><strong>Christoph Gallio &#8211; Saxophon<br \/>\n<\/strong>Der in Baden wohnhafte Christoph Gallio (* 1957) studierte klassisches Saxophon bei Iwan Roth am Konservatorium Basel und Musik bei Steve Lacy in Paris. MA in Transdisziplinarit\u00e4t an der Z\u00fcrcher Hochschule der K\u00fcnste (ZHdK). Erhielt 1987 den Aktionskunstpreis der Stadt Basel, 2009 das Berliner Atelier, 2012 ein Werkbeitrag des Kantons Aargau und 2017 das Atelierstipendium der Stadt Baden in Buenos Aires.<br \/>\nGallio bewegt sich seit 1977 eigenwillig zwischen improvisierter und komponierter Musik. Neben anderen eigenen Projekten tourte er mit seinem Trio DAY &amp; TAXI in Kanada, Japan, Russland, China, Zentralasien, in Europa, den USA und der Schweiz.<br \/>\nNeben vielen bekannten Schweizer MusikerInnen arbeitete er u.a. mit Fred Frith, Phil Minton, Peter Kowald, Matthew Ostrowski, John Russel, Lindsay L. Cooper, Samm Bennett, Uchihashi Kazuhisa, Kazutoki Umezu, Tetsu Saitoh, William Parker, Rashied Ali, Olaf Rupp, Sven \u00c5ke Johansson, Andrea Neumann, Jan Roder, Oliver Steidle zusammen. Solos mit Goldfischen und Performances mit den T\u00e4nzerInnen Christine Brodbeck, Yvonne Meier, Tomiko Takai, Franz Frautschi und Hideto Heshiki . Zusammenarbeit u.a. mit den K\u00fcnstlerInnen Caro Niederer, Beat Streuli, Alex Silber, Eric Hattan und dem Schriftsteller Kurt Aebli.<br \/>\n<a href=\"http:\/\/www.gallio.ch\">www.gallio.ch<\/a> , <a href=\"http:\/\/www.soziale-musik.ch\">www.soziale-musik.ch<\/a><\/p>\n","protected":false},"excerpt":{"rendered":"<p>Startseite FREITAG, 27. APRIL 2018, 20 UHR PIANOLOUNGE AARAU WEST\u00a0Sch\u00f6nenwerderstrasse 42, 5000 Aarau\u00a0Karte Bar ab 19.00 Uhr, Eintritt CHF 25.-\/10.- ,\u00a0Kein Vorverkauf, Abendkasse CHRISTOPH GALLIO &#8211; SAXOPHON RUEDI DEBRUNNER &#8211; KLARINETTE, KLAVIER MARCO K\u00c4PPELI &#8211; PERCUSSION ______________________________________________ Christoph Gallio &#8211; Saxophon Der in Baden wohnhafte Christoph Gallio (* 1957) studierte klassisches Saxophon bei Iwan Roth &hellip; <\/p>\n<p class=\"link-more\"><a href=\"https:\/\/www.hoerundjetzt.ch\/?page_id=634\" class=\"more-link\"><span class=\"screen-reader-text\">\u201eFreitag, 27. April 2018 Gast: Christoph Gallio &#8211; Saxophon\u201c <\/span>weiterlesen<\/a><\/p>\n","protected":false},"author":1,"featured_media":0,"parent":0,"menu_order":0,"comment_status":"closed","ping_status":"closed","template":"","meta":{"footnotes":""},"class_list":["post-634","page","type-page","status-publish","hentry"],"_links":{"self":[{"href":"https:\/\/www.hoerundjetzt.ch\/index.php?rest_route=\/wp\/v2\/pages\/634","targetHints":{"allow":["GET"]}}],"collection":[{"href":"https:\/\/www.hoerundjetzt.ch\/index.php?rest_route=\/wp\/v2\/pages"}],"about":[{"href":"https:\/\/www.hoerundjetzt.ch\/index.php?rest_route=\/wp\/v2\/types\/page"}],"author":[{"embeddable":true,"href":"https:\/\/www.hoerundjetzt.ch\/index.php?rest_route=\/wp\/v2\/users\/1"}],"replies":[{"embeddable":true,"href":"https:\/\/www.hoerundjetzt.ch\/index.php?rest_route=%2Fwp%2Fv2%2Fcomments&post=634"}],"version-history":[{"count":10,"href":"https:\/\/www.hoerundjetzt.ch\/index.php?rest_route=\/wp\/v2\/pages\/634\/revisions"}],"predecessor-version":[{"id":938,"href":"https:\/\/www.hoerundjetzt.ch\/index.php?rest_route=\/wp\/v2\/pages\/634\/revisions\/938"}],"wp:attachment":[{"href":"https:\/\/www.hoerundjetzt.ch\/index.php?rest_route=%2Fwp%2Fv2%2Fmedia&parent=634"}],"curies":[{"name":"wp","href":"https:\/\/api.w.org\/{rel}","templated":true}]}}