{"id":24,"date":"2016-03-20T10:25:14","date_gmt":"2016-03-20T10:25:14","guid":{"rendered":"https:\/\/www.hoerundjetzt.ch\/home\/ruedideb\/public_html\/hoerundjetzt.ch\/?page_id=24"},"modified":"2019-09-16T19:48:44","modified_gmt":"2019-09-16T20:48:44","slug":"freitag-18-november-2016-20-00-uhr-gast-gabriela-friedli-klavier","status":"publish","type":"page","link":"https:\/\/www.hoerundjetzt.ch\/?page_id=24","title":{"rendered":"Freitag, 18. November 2016  Gast: Gabriela Friedli, Klavier"},"content":{"rendered":"<p style=\"text-align: right;\"><em><a href=\"https:\/\/www.hoerundjetzt.ch\/\">Startseite<\/a><\/em><\/p>\n<p><strong>FREITAG, 18.NOVEMBER\u00a02016, 20 UHR<br \/>\n<\/strong>PIANOLOUNGE AARAU WEST\u00a0<span style=\"font-size: 10pt;\">Sch\u00f6nenwerderstrasse 42, 5000 Aarau\u00a0<\/span><span style=\"font-size: 10pt;\"><em><em><a href=\"https:\/\/www.google.de\/maps\/place\/Sch\u00f6nenwerderstrasse+42,+5000+Aarau,+Schweiz\/@47.3858356,8.0348698,17z\/data=!3m1!4b1!4m2!3m1!1s0x47903bc02c61f077:0xfef480aff1b214a4\" target=\"_blank\" rel=\"noopener noreferrer\">Karte<br \/>\n<\/a><\/em><\/em><\/span><span style=\"font-size: 10pt;\">Bar ab 19.00 Uhr, Eintritt CHF 25.-\/10.- ,\u00a0<\/span><span style=\"font-size: 10pt;\">Kein Vorverkauf, Abendkasse<\/span><\/p>\n<p>GABRIELA FRIEDLI &#8211; KLAVIER<br \/>\nRUEDI DEBRUNNER &#8211; KLARINETTE<br \/>\nMARCO K\u00c4PPELI &#8211; PERCUSSION<br \/>\n______________________________________________<\/p>\n<p><strong>Gabriela Friedli<\/strong><\/p>\n<p><img loading=\"lazy\" decoding=\"async\" class=\" wp-image-226 alignnone\" src=\"https:\/\/www.hoerundjetzt.ch\/wp-content\/uploads\/2016\/03\/Gabriela-Friedli-300x197.jpg\" alt=\"Gabriela Friedli\" width=\"675\" height=\"443\" srcset=\"https:\/\/www.hoerundjetzt.ch\/wp-content\/uploads\/2016\/03\/Gabriela-Friedli-300x197.jpg 300w, https:\/\/www.hoerundjetzt.ch\/wp-content\/uploads\/2016\/03\/Gabriela-Friedli.jpg 963w\" sizes=\"auto, (max-width: 675px) 100vw, 675px\" \/><\/p>\n<p>Meine Mutter ist Musikerin und f\u00f6rderte mich von klein auf mit klassischem Gitarren-und Klavier-Unterricht, wobei mein Herz ganz eindeutig st\u00e4rker f\u00fcr das Klavier schlug.<br \/>\nAls ich, zwanzig Jahre alt, in meiner ersten Klavierstunde bei Claudia Ulla Binder frei improvisierte, bewegte mich diese Erfahrung bis in meine Grundfesten. Seither besch\u00e4ftige ich mich intensiv mit verschiedenen Improvisationsformen.<br \/>\nMit anderen SpielerInnen zu improvisieren, ohne voraus zu wissen, wohin die Reise geht und wo wir zusammen ankommen, ist etwas vom Spannendsten und Herausfordernsten f\u00fcr mich!<br \/>\nParallel zur Frei Improvisierten Musik, vertiefte ich mich in den Jazz und besuchte die Jazzschulen Luzern und St. Gallen.<br \/>\nNach meiner Ausbildung zur Jazzpianistin wandte ich mich wieder vermehrt der Freien Improvisation zu, spielte in verschiedenen Projekten und Bands und begann zu komponieren. Bei der Pianistin Erna Ronca studierte ich \u00fcber mehrere Jahre klassisches Klavierspiel an der Z\u00fcrcher Hochschule der K\u00fcnste.<br \/>\nAb den sp\u00e4ten 90-er Jahren entstanden verschiedene Formationen:<br \/>\nDuo mit der Posaunistin und Alphornspielerin Priska Walss, Duo mit Karin Ernst (Saxophon und Live-Elekronik), Trio mit Ir\u00e8ne Schweizer und Jan Schlegel, Billiger Bauer, Duo mit Tom Varner, objets trouv\u00e9s, Gabriela Friedli Quintett mit Ian Gordon-Lennox, Vinz Vonlanthen, B\u00e4nz Oester und Marco K\u00e4ppeli, Duo mit Tommy Meier, Quatre T\u00eates, Tastressen, Duo mit Andrea Oswald, Duo mit Peter Landis, Trio mit Daniel Studer und Dieter Ulrich, Duo mit Markus Gsell, Trio mit Tony Malaby und Michael Griener u.v.m.<br \/>\nIn weiteren Projekten spielte ich u.a. mit J\u00fcrg Gasser, Simon Piccard, Christian Weber, Jonas Tauber, Alex Huber, Silvan Jeger, Isa Wyss, Marius Peyer, Barb Wagner, Dave Meier, Tobias Meier u.v.m.<br \/>\nUnz\u00e4hlige Konzerte, auch Soloauftritte und Tourneen spielte ich im In- und Ausland und an einigen Festivals: Schaffhausen, Generations Frauenfeld, AMR Genf, unerh\u00f6rt! Z\u00fcrich, Onze + Lausanne, Jazzherbst Konstanz, Chilli Jazz- Festival Oesterreich, Intakt im Stone Club New York u.v.a.<br \/>\n2010 erhielt ich das Werkjahr der Stadt Z\u00fcrich.<br \/>\n2008 schloss ich mit dem Master of advanced studies in erweiterter Musikp\u00e4dagogik an der Musikschochschule der K\u00fcnste in Z\u00fcrich, ab. Seit vielen Jahren unterrichte ich eine Klavierklasse an der Musikschule in K\u00fcsnacht und leitete diverse Bandworkshops und Kurse f\u00fcr improvisierte Musik.<br \/>\n<span style=\"color: #00ccff;\"><a style=\"color: #00ccff;\" href=\"http:\/\/gabrielafriedli.ch\">http:\/\/gabrielafriedli.ch<\/a><\/span><\/p>\n<p><strong><a href=\"https:\/\/www.hoerundjetzt.ch\/?page_id=106\">Duo K\u00e4ppeli\/Debrunner<\/a><\/strong><\/p>\n<p><img loading=\"lazy\" decoding=\"async\" class=\"alignnone wp-image-110\" src=\"https:\/\/www.hoerundjetzt.ch\/wp-content\/uploads\/2016\/03\/Duo-1-300x175.jpg\" alt=\"Duo\" width=\"775\" height=\"452\" srcset=\"https:\/\/www.hoerundjetzt.ch\/wp-content\/uploads\/2016\/03\/Duo-1-300x175.jpg 300w, https:\/\/www.hoerundjetzt.ch\/wp-content\/uploads\/2016\/03\/Duo-1-1024x596.jpg 1024w, https:\/\/www.hoerundjetzt.ch\/wp-content\/uploads\/2016\/03\/Duo-1.jpg 1162w\" sizes=\"auto, (max-width: 706px) 89vw, (max-width: 767px) 82vw, 740px\" \/><\/p>\n","protected":false},"excerpt":{"rendered":"<p>Startseite FREITAG, 18.NOVEMBER\u00a02016, 20 UHR PIANOLOUNGE AARAU WEST\u00a0Sch\u00f6nenwerderstrasse 42, 5000 Aarau\u00a0Karte Bar ab 19.00 Uhr, Eintritt CHF 25.-\/10.- ,\u00a0Kein Vorverkauf, Abendkasse GABRIELA FRIEDLI &#8211; KLAVIER RUEDI DEBRUNNER &#8211; KLARINETTE MARCO K\u00c4PPELI &#8211; PERCUSSION ______________________________________________ Gabriela Friedli Meine Mutter ist Musikerin und f\u00f6rderte mich von klein auf mit klassischem Gitarren-und Klavier-Unterricht, wobei mein Herz ganz eindeutig &hellip; <\/p>\n<p class=\"link-more\"><a href=\"https:\/\/www.hoerundjetzt.ch\/?page_id=24\" class=\"more-link\"><span class=\"screen-reader-text\">\u201eFreitag, 18. November 2016  Gast: Gabriela Friedli, Klavier\u201c <\/span>weiterlesen<\/a><\/p>\n","protected":false},"author":1,"featured_media":0,"parent":274,"menu_order":5,"comment_status":"closed","ping_status":"closed","template":"","meta":{"footnotes":""},"class_list":["post-24","page","type-page","status-publish","hentry"],"_links":{"self":[{"href":"https:\/\/www.hoerundjetzt.ch\/index.php?rest_route=\/wp\/v2\/pages\/24","targetHints":{"allow":["GET"]}}],"collection":[{"href":"https:\/\/www.hoerundjetzt.ch\/index.php?rest_route=\/wp\/v2\/pages"}],"about":[{"href":"https:\/\/www.hoerundjetzt.ch\/index.php?rest_route=\/wp\/v2\/types\/page"}],"author":[{"embeddable":true,"href":"https:\/\/www.hoerundjetzt.ch\/index.php?rest_route=\/wp\/v2\/users\/1"}],"replies":[{"embeddable":true,"href":"https:\/\/www.hoerundjetzt.ch\/index.php?rest_route=%2Fwp%2Fv2%2Fcomments&post=24"}],"version-history":[{"count":11,"href":"https:\/\/www.hoerundjetzt.ch\/index.php?rest_route=\/wp\/v2\/pages\/24\/revisions"}],"predecessor-version":[{"id":947,"href":"https:\/\/www.hoerundjetzt.ch\/index.php?rest_route=\/wp\/v2\/pages\/24\/revisions\/947"}],"up":[{"embeddable":true,"href":"https:\/\/www.hoerundjetzt.ch\/index.php?rest_route=\/wp\/v2\/pages\/274"}],"wp:attachment":[{"href":"https:\/\/www.hoerundjetzt.ch\/index.php?rest_route=%2Fwp%2Fv2%2Fmedia&parent=24"}],"curies":[{"name":"wp","href":"https:\/\/api.w.org\/{rel}","templated":true}]}}