{"id":1805,"date":"2024-12-23T06:26:23","date_gmt":"2024-12-23T07:26:23","guid":{"rendered":"https:\/\/www.hoerundjetzt.ch\/?page_id=1805"},"modified":"2024-12-23T07:08:56","modified_gmt":"2024-12-23T08:08:56","slug":"freitag-19-dezember-2025-20-uhr-gast-duo-keller-heinz","status":"publish","type":"page","link":"https:\/\/www.hoerundjetzt.ch\/?page_id=1805","title":{"rendered":"Freitag, 19. Dezember 2025, 20 Uhr GAST: DUO KELLER-HEINZ"},"content":{"rendered":"<p><strong>Freitag, 19. Dezember 2025, 20 Uhr<br \/>\n<\/strong>PIANOLOUNGE AARAU Sch\u00f6nenwerderstrasse 42, 5000 Aarau <em><a href=\"https:\/\/www.google.de\/maps\/place\/Sch\u00f6nenwerderstrasse+42,+5000+Aarau,+Schweiz\/@47.3858356,8.0348698,17z\/data=!3m1!4b1!4m2!3m1!1s0x47903bc02c61f077:0xfef480aff1b214a4\" target=\"_blank\" rel=\"noopener noreferrer\">Karte<br \/>\n<\/a><\/em>Bar ab 19.00 Uhr, Eintritt CHF 25.-\/10.-<br \/>\n<em>Reservationen an: info@ruedidebrunner.ch<\/em><strong><br \/>\n<\/strong><strong>G\u00c4STE: DUO KELLER-HEINZ<\/strong><strong><br \/>\nRUEDI DEBRUNNER \u2013 KLARINETTE<br \/>\nMARCO K\u00c4PPELI \u2013 PERKUSSION<\/strong><\/p>\n<p style=\"font-weight: 400;\"><strong>DUO KELLER-HEINZ<\/strong><\/p>\n<p style=\"font-weight: 400;\">Seit vielen Jahren kennen sich G\u00fcnter Heinz (Posaune, Dresden) und Max E. Keller (Klavier, Winterthur), immer wieder treffen sie sich zum freien improvisieren. Nicht zuletzt aus ihrer Unterschiedlichkeit nach Alter, Studium und Herkunft entspringt eine abwechslungsreiche Musik, die von der Interaktion und der Neugierde der Musiker lebt und die Zuh\u00f6renden einl\u00e4dt, die musikalischen Prozesse mitzuerleben.<\/p>\n<p><strong><img loading=\"lazy\" decoding=\"async\" class=\"alignnone wp-image-1829\" src=\"https:\/\/www.hoerundjetzt.ch\/wp-content\/uploads\/2024\/12\/bbb1319a-6bba-4db5-aa88-18bb664a85de.jpeg-300x169.webp\" alt=\"\" width=\"664\" height=\"374\" srcset=\"https:\/\/www.hoerundjetzt.ch\/wp-content\/uploads\/2024\/12\/bbb1319a-6bba-4db5-aa88-18bb664a85de.jpeg-300x169.webp 300w, https:\/\/www.hoerundjetzt.ch\/wp-content\/uploads\/2024\/12\/bbb1319a-6bba-4db5-aa88-18bb664a85de.jpeg-1024x575.webp 1024w, https:\/\/www.hoerundjetzt.ch\/wp-content\/uploads\/2024\/12\/bbb1319a-6bba-4db5-aa88-18bb664a85de.jpeg.webp 1360w\" sizes=\"auto, (max-width: 664px) 100vw, 664px\" \/><br \/>\n<\/strong><\/p>\n<p style=\"font-weight: 400;\"><strong>Max E. Keller<\/strong><\/p>\n<p style=\"font-weight: 400;\">Der Winterthurer Max E. Keller begann als Free-Jazz-Pianist und hatte bereits als 20-j\u00e4hriger am Z\u00fcrcher Jazzfestival einen aufsehenerregenden Auftritt. Er studierte Komposition, seine Werke sind mittlerweile in 43 L\u00e4ndern aufgef\u00fchrt worden. Parallel zum Komponieren war er immer auch als Improvisator t\u00e4tig. Seit 1988 hat er u.a. mit Peter A. Schmid, Dani Schaffner, Christoph Gallio, Mathias Rissi, Kurt Gr\u00e4miger, Matthias Ziegler, Christian Wolfarth, Daniel Mouthon, Hans Koch, Omri Ziegele, Urs Leimgruber, Christian Weber, Co Streiff, Thomas Borgmann, Barry Guy, Charlotte Hug, Urs Leimgruber, G\u00fcnter M\u00fcller, Hans Hassler, Marco von Orelli, Sheldon Suter, Jonas Labhart, Vincent Glanzmann und G\u00fcnter Heinz improvisiert.<br \/>\n2000: &#8222;Improvisation und Komposition&#8220; in Deutschland, Holland und in der Schweiz, Radio DRS. 2003 &#8211; 2010\u00a0 mit den Berlinern Johannes Bauer und Dietrich Petzold im Trio Ampio.\u00a0 2007 Kulturpreis der Stadt Winterthur. Mit \u201eAccent \u2013 figure \u2013 layer, einem Projekt zwischen Improvisation und Komposition, hatte er von 2010-2012 grosse Erfolge in Konzerten und Rundfunksendungen.<\/p>\n<p style=\"font-weight: 400;\"><a href=\"applewebdata:\/\/AAC9C358-A614-4F1C-A061-44F088614A8A\/max-e-keller.ch\">www.max-e-keller.ch<\/a><\/p>\n<p style=\"font-weight: 400;\"><img loading=\"lazy\" decoding=\"async\" class=\"alignnone wp-image-1831\" src=\"https:\/\/www.hoerundjetzt.ch\/wp-content\/uploads\/2024\/12\/Guenter_Heinz-Treppe-13.10.08-300x137.jpg\" alt=\"\" width=\"731\" height=\"334\" srcset=\"https:\/\/www.hoerundjetzt.ch\/wp-content\/uploads\/2024\/12\/Guenter_Heinz-Treppe-13.10.08-300x137.jpg 300w, https:\/\/www.hoerundjetzt.ch\/wp-content\/uploads\/2024\/12\/Guenter_Heinz-Treppe-13.10.08.jpg 656w\" sizes=\"auto, (max-width: 731px) 100vw, 731px\" \/><\/p>\n<p style=\"font-weight: 400;\"><strong>G\u00fcnter Heinz<\/strong><\/p>\n<p style=\"font-weight: 400;\">Geboren in Zeitz, studierte Mathematik in Halle, Musik in Dresden und Berlin.<\/p>\n<p style=\"font-weight: 400;\">Zun\u00e4chst t\u00e4tig als Mathematiker an verschiedene Universit\u00e4ten, 1983 Promotion.<\/p>\n<p style=\"font-weight: 400;\">Seit 1987 freiberuflich als Musiker, Urauff\u00fchrung zahlreicher zeitgen\u00f6ssischer Kompositionen.<\/p>\n<p style=\"font-weight: 400;\">Konzerte mit improvisierter Musik, Rundfunk- und CD-Einspielungen in Deutschland (organic music), Schweiz (For4Ears) USA (ALEA) und Island.<\/p>\n<p style=\"font-weight: 400;\">1992-93 war er Gastkomponist am Elektronischen Studio der Musikakademie Basel.<\/p>\n<p style=\"font-weight: 400;\">Zusammenarbeit mit dem Kammerenseble Neue Musik Berlin, Neue Horizonte Bern und SEM-Ensemble New York.<\/p>\n<p style=\"font-weight: 400;\">Seine Kompositionen wurden aufgef\u00fchrt u.a. in Berlin, Moskau, Madrid und USA. Lehrauftr\u00e4ge in Malta und Sardinien.<\/p>\n<p style=\"font-weight: 400;\">Im Bereich des Jazz spielte er u.a. mit Bernd K\u00f6ppen, Lou Grassi, Ernst Bier, Hartmut Dorschner, Kent Carter, Bill Elgart, Michael Lythel, Agusti Fernandez, Gunnar Kristinsson&#8230;<\/p>\n<p style=\"font-weight: 400;\">Projekte in der Schweiz mit Arthur Clay, Max E Keller, \u201cPosaune mit Nachtluft\u201c, Drumbone,<\/p>\n<p style=\"font-weight: 400;\">Elisabeth Wandeler-Deck&#8230;<\/p>\n<p style=\"font-weight: 400;\">Er ist k\u00fcnstlerischer Leiter des Festivals Frei Improvisierter Musik in Dresden.<\/p>\n<p style=\"font-weight: 400;\"><a href=\"http:\/\/guenter-heinz.de\/biography.5.html\">http:\/\/guenter-heinz.de\/biography.5.html<\/a><\/p>\n","protected":false},"excerpt":{"rendered":"<p>Freitag, 19. Dezember 2025, 20 Uhr PIANOLOUNGE AARAU Sch\u00f6nenwerderstrasse 42, 5000 Aarau Karte Bar ab 19.00 Uhr, Eintritt CHF 25.-\/10.- Reservationen an: info@ruedidebrunner.ch G\u00c4STE: DUO KELLER-HEINZ RUEDI DEBRUNNER \u2013 KLARINETTE MARCO K\u00c4PPELI \u2013 PERKUSSION DUO KELLER-HEINZ Seit vielen Jahren kennen sich G\u00fcnter Heinz (Posaune, Dresden) und Max E. Keller (Klavier, Winterthur), immer wieder treffen sie &hellip; <\/p>\n<p class=\"link-more\"><a href=\"https:\/\/www.hoerundjetzt.ch\/?page_id=1805\" class=\"more-link\"><span class=\"screen-reader-text\">\u201eFreitag, 19. Dezember 2025, 20 Uhr GAST: DUO KELLER-HEINZ\u201c <\/span>weiterlesen<\/a><\/p>\n","protected":false},"author":1,"featured_media":0,"parent":0,"menu_order":0,"comment_status":"closed","ping_status":"closed","template":"","meta":{"footnotes":""},"class_list":["post-1805","page","type-page","status-publish","hentry"],"_links":{"self":[{"href":"https:\/\/www.hoerundjetzt.ch\/index.php?rest_route=\/wp\/v2\/pages\/1805","targetHints":{"allow":["GET"]}}],"collection":[{"href":"https:\/\/www.hoerundjetzt.ch\/index.php?rest_route=\/wp\/v2\/pages"}],"about":[{"href":"https:\/\/www.hoerundjetzt.ch\/index.php?rest_route=\/wp\/v2\/types\/page"}],"author":[{"embeddable":true,"href":"https:\/\/www.hoerundjetzt.ch\/index.php?rest_route=\/wp\/v2\/users\/1"}],"replies":[{"embeddable":true,"href":"https:\/\/www.hoerundjetzt.ch\/index.php?rest_route=%2Fwp%2Fv2%2Fcomments&post=1805"}],"version-history":[{"count":5,"href":"https:\/\/www.hoerundjetzt.ch\/index.php?rest_route=\/wp\/v2\/pages\/1805\/revisions"}],"predecessor-version":[{"id":1839,"href":"https:\/\/www.hoerundjetzt.ch\/index.php?rest_route=\/wp\/v2\/pages\/1805\/revisions\/1839"}],"wp:attachment":[{"href":"https:\/\/www.hoerundjetzt.ch\/index.php?rest_route=%2Fwp%2Fv2%2Fmedia&parent=1805"}],"curies":[{"name":"wp","href":"https:\/\/api.w.org\/{rel}","templated":true}]}}