{"id":1800,"date":"2024-12-23T06:25:16","date_gmt":"2024-12-23T07:25:16","guid":{"rendered":"https:\/\/www.hoerundjetzt.ch\/?page_id=1800"},"modified":"2024-12-23T06:47:14","modified_gmt":"2024-12-23T07:47:14","slug":"donnerstag-20-november-2025-20-uhr-gaeste-trio-kimmig-studer-zimmerlin","status":"publish","type":"page","link":"https:\/\/www.hoerundjetzt.ch\/?page_id=1800","title":{"rendered":"Donnerstag, 20. November 2025, 20 Uhr G\u00c4STE: TRIO KIMMIG-STUDER-ZIMMERLIN"},"content":{"rendered":"<p><strong>Donnerstag, 20. November 2025, 20 Uhr<br \/>\n<\/strong>PIANOLOUNGE AARAU Sch\u00f6nenwerderstrasse 42, 5000 Aarau <em><a href=\"https:\/\/www.google.de\/maps\/place\/Sch\u00f6nenwerderstrasse+42,+5000+Aarau,+Schweiz\/@47.3858356,8.0348698,17z\/data=!3m1!4b1!4m2!3m1!1s0x47903bc02c61f077:0xfef480aff1b214a4\" target=\"_blank\" rel=\"noopener noreferrer\">Karte<br \/>\n<\/a><\/em>Bar ab 19.00 Uhr, Eintritt CHF 25.-\/10.-<br \/>\n<em>Reservationen an: info@ruedidebrunner.ch<\/em><strong><br \/>\n<\/strong><strong>G\u00c4STE: TRIO KIMMIG-STUDER-ZIMMERLIN<\/strong><strong><br \/>\nRUEDI DEBRUNNER \u2013 KLARINETTE, KLAVIER<br \/>\nMARCO K\u00c4PPELI \u2013 PERKUSSION<\/strong><\/p>\n<p><img loading=\"lazy\" decoding=\"async\" class=\"alignnone  wp-image-649\" src=\"https:\/\/www.hoerundjetzt.ch\/wp-content\/uploads\/2017\/12\/kistuzi989-300x225.jpg\" alt=\"\" width=\"791\" height=\"593\" srcset=\"https:\/\/www.hoerundjetzt.ch\/wp-content\/uploads\/2017\/12\/kistuzi989-300x225.jpg 300w, https:\/\/www.hoerundjetzt.ch\/wp-content\/uploads\/2017\/12\/kistuzi989-1024x768.jpg 1024w\" sizes=\"auto, (max-width: 706px) 89vw, (max-width: 767px) 82vw, 740px\" \/><\/p>\n<h2><a name=\"_Toc185319588\"><\/a><strong>TRIO KIMMIG-STUDER-ZIMMERLIN<\/strong><\/h2>\n<p style=\"font-weight: 400;\">\u201eStilistisch mag man nicht nach Schubl\u00e4dchen sinnen. Es ist Musik aus dem vollen Hier und Jetzt, mit Sinn f\u00fcr Form, Dynamik und auch ein bisschen Extravaganz: ungeschriebene Partituren, die in einem interaktiven Prozess aus dem Moment heraus h\u00f6rbar gemacht werden. Das Trio kann fl\u00fcstern und wildern, Spannung halten, ausscheren und nackt in sich gehen. Musik ist pl\u00f6tzlich ein Zw\u00f6lfton- Ger\u00e4usch oder eine durchl\u00e4ssige Architektur. Alles ist m\u00f6glich, aber was es braucht, ist wichtiger. Kimmig Studer Zimmerlin sind da mittendrin.\u201c (Pirmin Bossart, Jazz\u2019n\u2019more, 2013)<\/p>\n<p style=\"font-weight: 400;\">Konzerte in Deutschland, \u00d6sterreich und der Schweiz, Tage f\u00fcr Neue Musik Z\u00fcrich, Densit\u00e9s Fresnes-en-Woevre, Konfrontationen Nickelsdorf, Kaleidophon Ulrichsberg, Musikpodium der Stadt Z\u00fcrich, Exploratorium Berlin.<\/p>\n<p style=\"font-weight: 400;\">Konzertserien mit John Butcher, Elliott Sharp, Jacques Demierre, Gerry Hemingway, Phil Minton, Vinz Vonlanthen.<\/p>\n<p style=\"font-weight: 400;\">Diverse Radioaufnahmen und Sendungen SWR2, SRF2, France Radio.<\/p>\n<p style=\"font-weight: 400;\">Doppel CD \u201eerz\u00e4hlend nah\u201c, Unit Records, UTR 4373, 2013 mit Live Aufnahmen des SWR2 und Studioaufnahmen von Radio SRF2.<\/p>\n<p style=\"font-weight: 400;\">Aufnahmen mit dem akustischen Trio, u.a. \u201eIm Hellen\u201c (2017), oder dem elektrischen Trio, \u201eBlack Forest Diary\u201c (2024), sowie mit John Butcher oder George Lewis.<\/p>\n<p style=\"font-weight: 400;\"><a href=\"http:\/\/www.kimmig-studer-zimmerlin.ch\/\">www.kimmig-studer-zimmerlin.ch<\/a><\/p>\n<h2><strong><a name=\"_Toc185319589\"><\/a>Harald Kimmig<\/strong><\/h2>\n<p style=\"font-weight: 400;\">erhielt eine klassische Ausbildung von 1966 bis 1974 und erg\u00e4nzte seine Studien bei D.Baker, M.B.Fenell, J.Tchicai und C.Taylor. Seit 1984 ist der Geiger professioneller Musiker. Er gibt Solokonzerte spielte von 1984 bis 1995 in der Gruppe \u201akxutrio\u2018 (mit G. Wolf, Kontrabass u. H. Lukas Lindenmaier, Schlagzeug), ist Co-Leader der Grossformation \u201aF-Orkestra\u2018, die neben Solisten wie B. Collette, P. Kowald, S. Lacy u.a. zahlreiche Musikperformances pr\u00e4sentierte (Schrottmusik 1988, Niggermusik?! 1993, Es Gab Cis De Fis 1996, Der L\u00e4rm der Freiheit 1999).<\/p>\n<p style=\"font-weight: 400;\">Als Solist arbeitete Harald Kimmig u.a. mit J. Tchicai, L. Konitz, I. Schweizer, M. Nicols, G. Hampel, Sirone. Aus der mehrj\u00e4hrigen Zusammenarbeit mit C. Taylor gingen die beiden CDs \u201aLegba Crossing\u2018 und \u201aCorona: Looking\u2018 hervor.<\/p>\n<p style=\"font-weight: 400;\">Aus der Zusammenarbeit mit T\u00e4nzerInnen\/ Choreo- grafInnen entstanden Performances wie \u201aUntitled Memories Gate 7\u2018 und \u201aHimmel und Erde'(mit L. Stahl), \u201aThe Crocodile\u2018 (mit A. Furukawa), \u201aOnce in a Lifetime\u2018 (mit Pretty Ugly Dance Company\/Amanda Miller), \u201aIdiom'(Choreo. Charlotte Zerbey\/ Alessandro Certini) u.a.<\/p>\n<p style=\"font-weight: 400;\">Als Komponist schreibt Harald Kimmig Musiken f\u00fcr Film und Theater, ebenso wie Streichquartette und gr\u00f6\u00dfere Orchesterwerke (\u201aDer Lauf des Lichtes und der Dunkelheit\u2018 Oratorium, 1999).<\/p>\n<p style=\"font-weight: 400;\"><a href=\"http:\/\/www.haraldkimmig.de\/\">www.haraldkimmig.de<\/a><\/p>\n<h2><strong><a name=\"_Toc185319590\"><\/a>Daniel Studer\u00a0(*1961)<\/strong><\/h2>\n<p style=\"font-weight: 400;\">Lebt mit seiner Familie in Z\u00fcrich (von 1981 bis 1995 in Rom). Master of Arts in Musikp\u00e4dagogik, Gastkomponist im Elektronischen Studio in Basel, Komposition bei J. Sch\u00f6llhorn.<\/p>\n<p style=\"font-weight: 400;\">Werkjahr der Stadt Z\u00fcrich 2010.<\/p>\n<p style=\"font-weight: 400;\">Improvisation und gemischte Formen von Improvisation und Komposition stehen im Zentrum der Arbeit. Verschiedene Raumprojekte, Projekte mit Live Elektronik, Musik und Sprache, Musik und Tanz, Musik zu Videopoesien. Kontinuierliche Zusammenarbeit mit Markus Eichenberger, Peter K. Frey, Mischa K\u00e4ser, Katharina Klement, Giancarlo Schiaffini, Dieter Ulrich und Alfred Zimmerlin.<\/p>\n<p style=\"font-weight: 400;\">Spielt mit dem Kontrabassduo Studer-Frey, Kimmig-Studer-Zimmerlin, Solo, Trio III-VII-XII (mit Mischa K\u00e4ser und Urs Haenggli) und Friedli-Studer-Ulrich.<\/p>\n<p style=\"font-weight: 400;\">Konzerte, Festivals und Radioaufnahmen in verschiedenen Formationen in Europa, USA und Japan u.a. mit Lester Bowie, John Butcher, Jacques Demierre, Michel Doneda, Steve Grossmann, Gerry Hemingway, Barney Kessel, Riccardo Lay, Magda Mayas, Mike Melillo, Phil Minton, Evan Parker, Tony Scott, Urs Voerkel, Bobby Watson.<\/p>\n<p style=\"font-weight: 400;\">Aufnahmen u.a. mit Kontrabassduo Studer-Frey, Kimmig-Studer-Zimmerlin, Giancarlo Schiaffini Quintett, Solo, Gabriela Friedli Trio, In Transit, Streichtrio Coen-Penazzi-Studer, Markus Eichenberger\u2019s Domino, Day &amp; Taxi auf den Labels Intakt, Edition RZ, EMANEM, Konnex, Percaso, Unit Records.<\/p>\n<p style=\"font-weight: 400;\">Unterrichtet Improvisation an verschiedenen Musikschulen, u.a. an der Hochschule der K\u00fcnste Bern sowie der Musikhochschule Kalaidos.<\/p>\n<p style=\"font-weight: 400;\"><a href=\"http:\/\/www.danielstuder.ch\/\">www.danielstuder.ch<\/a><\/p>\n<h2><a name=\"_Toc185319591\"><\/a><strong>Alfred Zimmerlin\u00a0(*1955)<\/strong><\/h2>\n<p style=\"font-weight: 400;\">Studium der Musikwissenschaft und Musikethnologie an der Universit\u00e4t Z\u00fcrich bei K. von Fischer und W. Laade. Theorie bei P. Benary, Kompositionsstudien bei H. W\u00fcthrich und H. U. Lehmann. Seit 1980 Mitarbeit in der \u201eWerkstatt f\u00fcr improvisierte Musik\u201c (WIM) Z\u00fcrich. 1982 und 1984 Werkjahrstipendien des Aargauischen Kuratoriums, 1986 Musikpreis der C. F. Meyer-Stiftung, 1988 Werkjahr f\u00fcr Komposition der Stadt Z\u00fcrich, 1999 erneut Werkjahr des Aargauischen Kuratoriums. 2001 auf Einladung von Pro Helvetia R\u00e9sidence in Kairo. Als improvisierender Musiker (Violoncello) international in verschiedenen Formationen t\u00e4tig, Konzerte und Rundfunkaufnahmen in Europa und den USA.<\/p>\n<p style=\"font-weight: 400;\">Kulturpreis 2014 des Kantons Z\u00fcrich und Zolliker Kunstpreis 2014.<\/p>\n<p style=\"font-weight: 400;\">Die Werkliste von Alfred Zimmerlin ist umfangreich, darunter finden sich Klavierst\u00fccke, Kammermusik mit oder ohne Live-Elektronik, Vokalmusik, Orchestermusik, Musiktheater, aber auch Arbeiten f\u00fcr Rundfunk und Film. Zu seinen Hauptwerken geh\u00f6ren \u00abGezeiten der Zeit\u00bb (Streichorchester), \u00abCueillis par la m\u00e9moire des vo\u00fbtes\u00bb (Saxophonquartett und Streichorchester), die Kammeroper \u00abEuridice singt\u00bb, drei Streichquartette, die \u00abNeidhartlieder\u00bb (Sopran und vier Renaissance-Blockfl\u00f6ten), das \u00abCembalo-Buch\u00bb, \u00abIn Bewegung (Nature Morte au Rideau)\u00bb f\u00fcr Klavier, Streichorchester und CD-Zuspiel, \u00abWeisse Bewegung\u00bb f\u00fcr Violoncello, Klavier und Schlagzeug, das Quintett f\u00fcr Klarinette und Streichquartett oder \u00abZerstreut in Arbeit mit W\u00f6rtern\u00bb f\u00fcr Sopran, Klavier und Zuspiel-CD.<\/p>\n<p style=\"font-weight: 400;\">Als improvisierender Musiker ist Alfred Zimmerlin auf zahlreichen Schallplatten zu h\u00f6ren, darunter Aufnahmen mit dem Trio KARL ein KARL, dem Tony Oxley Celebration Orchestra, Christoph Gallio, The Great Musaurian Songbook u.v.a.m. Kompositionen von ihm wurden auf den Labels ECM, Jecklin Disco, R\u00c9R, Altri Suoni und Edition Wandelweiser Records ver\u00f6ffentlicht.<br \/>\nDozent f\u00fcr das Fach Improvisation an der Hochschule f\u00fcr Musik Basel.<\/p>\n<p style=\"font-weight: 400;\"><a href=\"http:\/\/www.alfredzimmerlin.ch\/\">www.alfredzimmerlin.ch<\/a><\/p>\n","protected":false},"excerpt":{"rendered":"<p>Donnerstag, 20. November 2025, 20 Uhr PIANOLOUNGE AARAU Sch\u00f6nenwerderstrasse 42, 5000 Aarau Karte Bar ab 19.00 Uhr, Eintritt CHF 25.-\/10.- Reservationen an: info@ruedidebrunner.ch G\u00c4STE: TRIO KIMMIG-STUDER-ZIMMERLIN RUEDI DEBRUNNER \u2013 KLARINETTE, KLAVIER MARCO K\u00c4PPELI \u2013 PERKUSSION TRIO KIMMIG-STUDER-ZIMMERLIN \u201eStilistisch mag man nicht nach Schubl\u00e4dchen sinnen. Es ist Musik aus dem vollen Hier und Jetzt, mit Sinn &hellip; <\/p>\n<p class=\"link-more\"><a href=\"https:\/\/www.hoerundjetzt.ch\/?page_id=1800\" class=\"more-link\"><span class=\"screen-reader-text\">\u201eDonnerstag, 20. November 2025, 20 Uhr G\u00c4STE: TRIO KIMMIG-STUDER-ZIMMERLIN\u201c <\/span>weiterlesen<\/a><\/p>\n","protected":false},"author":1,"featured_media":0,"parent":0,"menu_order":0,"comment_status":"closed","ping_status":"closed","template":"","meta":{"footnotes":""},"class_list":["post-1800","page","type-page","status-publish","hentry"],"_links":{"self":[{"href":"https:\/\/www.hoerundjetzt.ch\/index.php?rest_route=\/wp\/v2\/pages\/1800","targetHints":{"allow":["GET"]}}],"collection":[{"href":"https:\/\/www.hoerundjetzt.ch\/index.php?rest_route=\/wp\/v2\/pages"}],"about":[{"href":"https:\/\/www.hoerundjetzt.ch\/index.php?rest_route=\/wp\/v2\/types\/page"}],"author":[{"embeddable":true,"href":"https:\/\/www.hoerundjetzt.ch\/index.php?rest_route=\/wp\/v2\/users\/1"}],"replies":[{"embeddable":true,"href":"https:\/\/www.hoerundjetzt.ch\/index.php?rest_route=%2Fwp%2Fv2%2Fcomments&post=1800"}],"version-history":[{"count":3,"href":"https:\/\/www.hoerundjetzt.ch\/index.php?rest_route=\/wp\/v2\/pages\/1800\/revisions"}],"predecessor-version":[{"id":1828,"href":"https:\/\/www.hoerundjetzt.ch\/index.php?rest_route=\/wp\/v2\/pages\/1800\/revisions\/1828"}],"wp:attachment":[{"href":"https:\/\/www.hoerundjetzt.ch\/index.php?rest_route=%2Fwp%2Fv2%2Fmedia&parent=1800"}],"curies":[{"name":"wp","href":"https:\/\/api.w.org\/{rel}","templated":true}]}}