{"id":1788,"date":"2024-12-23T06:22:41","date_gmt":"2024-12-23T07:22:41","guid":{"rendered":"https:\/\/www.hoerundjetzt.ch\/?page_id=1788"},"modified":"2024-12-23T06:42:52","modified_gmt":"2024-12-23T07:42:52","slug":"donnerstag-21-august-2025-20-uhr-gaeste-duo-zytynska-schaerli","status":"publish","type":"page","link":"https:\/\/www.hoerundjetzt.ch\/?page_id=1788","title":{"rendered":"Donnerstag, 21. August 2025, 20 Uhr G\u00c4STE: DUO ZYTYNSKA-SCH\u00c4RLI"},"content":{"rendered":"<p><strong>Donnerstag, 21. August 2025, 20 Uhr<br \/>\n<\/strong>PIANOLOUNGE AARAU Sch\u00f6nenwerderstrasse 42, 5000 Aarau <em><a href=\"https:\/\/www.google.de\/maps\/place\/Sch\u00f6nenwerderstrasse+42,+5000+Aarau,+Schweiz\/@47.3858356,8.0348698,17z\/data=!3m1!4b1!4m2!3m1!1s0x47903bc02c61f077:0xfef480aff1b214a4\" target=\"_blank\" rel=\"noopener noreferrer\">Karte<br \/>\n<\/a><\/em>Bar ab 19.00 Uhr, Eintritt CHF 25.-\/10.-<br \/>\n<em>Reservationen an: info@ruedidebrunner.ch<\/em><strong><br \/>\n<\/strong><strong>G\u00c4STE: DUO ZYTYNSKA-SCH\u00c4RLI<\/strong><strong><br \/>\nRUEDI DEBRUNNER \u2013 KLARINETTE, KLAVIER<br \/>\nMARCO K\u00c4PPELI \u2013 PERKUSSION<\/strong><\/p>\n<p><img loading=\"lazy\" decoding=\"async\" class=\"alignnone  wp-image-1821\" src=\"https:\/\/www.hoerundjetzt.ch\/wp-content\/uploads\/2024\/12\/Unknown-1-300x300.jpeg\" alt=\"\" width=\"822\" height=\"822\" srcset=\"https:\/\/www.hoerundjetzt.ch\/wp-content\/uploads\/2024\/12\/Unknown-1-300x300.jpeg 300w, https:\/\/www.hoerundjetzt.ch\/wp-content\/uploads\/2024\/12\/Unknown-1-1024x1024.jpeg 1024w, https:\/\/www.hoerundjetzt.ch\/wp-content\/uploads\/2024\/12\/Unknown-1-150x150.jpeg 150w, https:\/\/www.hoerundjetzt.ch\/wp-content\/uploads\/2024\/12\/Unknown-1-1536x1536.jpeg 1536w, https:\/\/www.hoerundjetzt.ch\/wp-content\/uploads\/2024\/12\/Unknown-1-2048x2048.jpeg 2048w, https:\/\/www.hoerundjetzt.ch\/wp-content\/uploads\/2024\/12\/Unknown-1-100x100.jpeg 100w\" sizes=\"auto, (max-width: 706px) 89vw, (max-width: 767px) 82vw, 740px\" \/><\/p>\n<h2><strong>DUO ZYTYNSKA-SCH\u00c4RLI<\/strong><\/h2>\n<p style=\"font-weight: 400;\">Seit fast drei Jahrzehnten verbindet Peter Sch\u00e4rli, Trompete, und Sylwia Zytynska, Vibraphon, eine inspirierende musikalische Partnerschaft. In unterschiedlichsten Formationen haben sie ihr Zusammenspiel stetig verfeinert und ein tiefes gegenseitiges Verst\u00e4ndnis entwickelt. Diese langj\u00e4hrige Verbindung spiegelt sich in ihrer nuancierten Kommunikation und der einzigartigen Ausdruckskraft ihres Spiels wider. Als DuoPlus begeistern sie seit f\u00fcnf Jahren mit \u00fcber 100 Konzerten ein vielf\u00e4ltiges Publikum<\/p>\n<p style=\"font-weight: 400;\"><a name=\"_Toc185319584\"><\/a><b>Sylwia Zytynska \u2013 Perkussion<\/b><\/p>\n<p style=\"font-weight: 400;\">Sylwia Zytynska, geboren in Warschau, studierte Perkussion in Polen und in der Schweiz. Ihr Interesse f\u00fcr Musik, neue Musik, Improvisation, Musiktheater, aber auch f\u00fcr den Musikunterricht und die k\u00fcnstlerische Arbeit mit Kindern und Jugendlichen haben sie in ihren fast vierzig Jahren in der Schweiz zu einer authentischen K\u00fcnstlerpers\u00f6nlichkeit geformt.<\/p>\n<p style=\"font-weight: 400;\">Begegnungen mit John Cage und Witold Lutoslawski, aber auch mit Theaterpers\u00f6nlichkeiten wie Herbert Wernicke und Frank Baumbauer waren sehr\u00a0pr\u00e4gend.<\/p>\n<p style=\"font-weight: 400;\">Sie war \u00fcber zehn Jahre festes Mitglied\u00a0des Ensembles 13 in Karlsruhe,\u00a0spielte viele Konzerte im Duo mit dem Geiger Egidius Streiff, sowie auch mit dem\u00a0Quartett\u00a0e-motion. (Paolo Alvares, Maurizio Grandinetti und Marcus Weiss). Seit vielen Jahren verbindet sie mit dem Trio selbdritt, mit Fritz Hauser und Peter Sch\u00e4rli eine intensive Improvisationsarbeit.<\/p>\n<p style=\"font-weight: 400;\">Von 2004 bis 2020 entwickelte sie den gare des enfants, eine\u00a0einzigartige Spielst\u00e4tte f\u00fcr neue Musik f\u00fcr Kinder und Jugendliche. Hier flie\u00dft ihre langj\u00e4hrige p\u00e4dagogische\u00a0Erfahrung zusammen mit\u00a0k\u00fcnstlerischer Phantasie und Vision.<\/p>\n<p style=\"font-weight: 400;\">Seit 40 Jahren unterrichtet sie Schlagzeug an der Musikschule der Musikakademie Basel.<\/p>\n<p style=\"font-weight: 400;\">Ihr besonderes Interesse\u00a0f\u00fcr Musiktheater, Neue Musik und Performance f\u00fchrte sie 1991 zum Festival\u00a0Neue Musik R\u00fcmlingen,\u00a0wo sie seither in der Programmgruppe\u00a0mitwirkt und mehrere Jahrg\u00e4nge als Programmmacherin verantwortet.<\/p>\n<p style=\"font-weight: 400;\">Sylwia Zytynska wurde mit dem Kulturpreis der Alexander Clavel-Stiftung, dem Lily-W\u00e4ckerlin-Preis f\u00fcr &#8222;Jugend und Musik\u201c, sowie mit dem PriKulT\u00fcr der Programm-Kultur-Zeitung Basel ausgezeichnet.<\/p>\n<p style=\"font-weight: 400;\"><a href=\"https:\/\/www.sylwiazytynska.com\/\">https:\/\/www.sylwiazytynska.com<\/a><\/p>\n<p style=\"font-weight: 400;\"><a name=\"_Toc185319585\"><\/a><b>Peter Sch\u00e4rli \u2013 Trompete<\/b><\/p>\n<p style=\"font-weight: 400;\">Trompeter \/ Komponist \/ Bandleader \/ Dozent an der Hochschule Luzern \u2013 Musik<\/p>\n<p style=\"font-weight: 400;\">Geboren 1955 in Sch\u00f6tz\/LU. Peter Sch\u00e4rli begann im Alter von zehn Jahren Trompete zu spielen. Er besuchte die Swiss Jazz School in Bern, die er 1981 mit Diplom abschloss. Seitdem hat er sich als professioneller Musiker mit eigenen Bands, als vielseitiger Sideman in unterschiedlichsten Besetzungen und Stilrichtungen und als Komponist von Theatermusik einen hervorragenden Namen gemacht. Seine diversen Engagements f\u00fchrten ihn an Musik- und Theater-Festivals in Europa, Indien, der ehemaligen UdSSR, Afrika, Zentral- und S\u00fcdamerika. Seit 1981 unterrichtet er als Dozent an der Hochschule Luzern \u2013 Musik (fr\u00fcher Jazz Schule Luzern).<br \/>\nZu seinen aktuellen Bands geh\u00f6ren das Peter Sch\u00e4rli Trio featuring Glenn Ferris, das Quintett Peter Sch\u00e4rli: \u201ePeace Now!\u201c, das Trio Sch\u00e4rli-Moreira-Feigenwinter, die Formation Peter Sch\u00e4rli: \u201eDon\u2019t Change Your Hair For Me\u201c sowie das Duo Sch\u00e4rli-Zytynska. In allen Bands bringt Sch\u00e4rli seine Handschrift der Klarheit und Transparenz ein. Dank seiner langen Erfahrung mit konstanten \u201eworking bands\u201c und einer permanenten \u00dcbungspraxis hat er eine bestechende Klangkultur und Fokussierung auf den Kern des Musikalischen erreicht. Seine Improvisationen basieren nicht auf Skalen-Bolzerei, sondern auf melodischer Intuition, die Form und Feeling zusammenf\u00fchren. Das macht seine Musik so bezwingend und sch\u00f6n.<br \/>\nSo wie Peter Sch\u00e4rli in seiner Erscheinung und in seinem Wesen nicht zu altern scheint, hat auch seine Musik etwas Zeitloses und Unangreifbares. \u201eEinfach und selbstverst\u00e4ndlich wie alle grosse Kunst\u201c hielt Peter R\u00fcedi treffend fest. (Pirmin Bossart, Willisauer Bote, 29. Mai 2015)<br \/>\nSch\u00e4rli, der von schlampigen Zuh\u00f6rern lange eine Etage zu tief geh\u00e4ngt und als eine Art Miles-Davis-Epigone missverstanden wurde, ist so etwas wie ein bodenst\u00e4ndiger Melancholiker (falls es so etwas gibt), ein handfester Tr\u00e4umer, eine Art (wagen wir das Unaussprechliche) Robert Walser des Schweizer Jazz.\u00a0(Peter R\u00fcedi, Die Weltwoche, 22. Mai 1997)<\/p>\n<p style=\"font-weight: 400;\"><a href=\"http:\/\/www.schaerlimusic.ch\/\">www.schaerlimusic.ch<\/a><\/p>\n","protected":false},"excerpt":{"rendered":"<p>Donnerstag, 21. August 2025, 20 Uhr PIANOLOUNGE AARAU Sch\u00f6nenwerderstrasse 42, 5000 Aarau Karte Bar ab 19.00 Uhr, Eintritt CHF 25.-\/10.- Reservationen an: info@ruedidebrunner.ch G\u00c4STE: DUO ZYTYNSKA-SCH\u00c4RLI RUEDI DEBRUNNER \u2013 KLARINETTE, KLAVIER MARCO K\u00c4PPELI \u2013 PERKUSSION DUO ZYTYNSKA-SCH\u00c4RLI Seit fast drei Jahrzehnten verbindet Peter Sch\u00e4rli, Trompete, und Sylwia Zytynska, Vibraphon, eine inspirierende musikalische Partnerschaft. In unterschiedlichsten &hellip; <\/p>\n<p class=\"link-more\"><a href=\"https:\/\/www.hoerundjetzt.ch\/?page_id=1788\" class=\"more-link\"><span class=\"screen-reader-text\">\u201eDonnerstag, 21. August 2025, 20 Uhr G\u00c4STE: DUO ZYTYNSKA-SCH\u00c4RLI\u201c <\/span>weiterlesen<\/a><\/p>\n","protected":false},"author":1,"featured_media":0,"parent":0,"menu_order":0,"comment_status":"closed","ping_status":"closed","template":"","meta":{"footnotes":""},"class_list":["post-1788","page","type-page","status-publish","hentry"],"_links":{"self":[{"href":"https:\/\/www.hoerundjetzt.ch\/index.php?rest_route=\/wp\/v2\/pages\/1788","targetHints":{"allow":["GET"]}}],"collection":[{"href":"https:\/\/www.hoerundjetzt.ch\/index.php?rest_route=\/wp\/v2\/pages"}],"about":[{"href":"https:\/\/www.hoerundjetzt.ch\/index.php?rest_route=\/wp\/v2\/types\/page"}],"author":[{"embeddable":true,"href":"https:\/\/www.hoerundjetzt.ch\/index.php?rest_route=\/wp\/v2\/users\/1"}],"replies":[{"embeddable":true,"href":"https:\/\/www.hoerundjetzt.ch\/index.php?rest_route=%2Fwp%2Fv2%2Fcomments&post=1788"}],"version-history":[{"count":4,"href":"https:\/\/www.hoerundjetzt.ch\/index.php?rest_route=\/wp\/v2\/pages\/1788\/revisions"}],"predecessor-version":[{"id":1823,"href":"https:\/\/www.hoerundjetzt.ch\/index.php?rest_route=\/wp\/v2\/pages\/1788\/revisions\/1823"}],"wp:attachment":[{"href":"https:\/\/www.hoerundjetzt.ch\/index.php?rest_route=%2Fwp%2Fv2%2Fmedia&parent=1788"}],"curies":[{"name":"wp","href":"https:\/\/api.w.org\/{rel}","templated":true}]}}