{"id":1780,"date":"2024-12-23T06:20:31","date_gmt":"2024-12-23T07:20:31","guid":{"rendered":"https:\/\/www.hoerundjetzt.ch\/?page_id=1780"},"modified":"2024-12-23T06:36:29","modified_gmt":"2024-12-23T07:36:29","slug":"samstag-24-mai-2025-20-uhr-gaeste-duo-strahl-sommer","status":"publish","type":"page","link":"https:\/\/www.hoerundjetzt.ch\/?page_id=1780","title":{"rendered":"Samstag, 24. Mai 2025, 20 Uhr, G\u00c4STE: DUO STRAHL &#038; SOMMER"},"content":{"rendered":"<p><strong>Samstag, 24. Mai 2025, 20 Uhr<br \/>\n<\/strong>PIANOLOUNGE AARAU Sch\u00f6nenwerderstrasse 42, 5000 Aarau <em><a href=\"https:\/\/www.google.de\/maps\/place\/Sch\u00f6nenwerderstrasse+42,+5000+Aarau,+Schweiz\/@47.3858356,8.0348698,17z\/data=!3m1!4b1!4m2!3m1!1s0x47903bc02c61f077:0xfef480aff1b214a4\" target=\"_blank\" rel=\"noopener noreferrer\">Karte<br \/>\n<\/a><\/em>Bar ab 19.00 Uhr, Eintritt CHF 25.-\/10.-<br \/>\n<em>Reservationen an: info@ruedidebrunner.ch<\/em><strong><br \/>\nG\u00c4STE: DUO STRAHL &amp; SOMMER<br \/>\nRUEDI DEBRUNNER \u2013 KLARINETTE, KLAVIER<br \/>\nMARCO K\u00c4PPELI \u2013 PERKUSSION<\/strong><\/p>\n<p><img loading=\"lazy\" decoding=\"async\" class=\"alignnone  wp-image-1817\" src=\"https:\/\/www.hoerundjetzt.ch\/wp-content\/uploads\/2024\/12\/IMG_1457-300x200.jpg\" alt=\"\" width=\"981\" height=\"654\" srcset=\"https:\/\/www.hoerundjetzt.ch\/wp-content\/uploads\/2024\/12\/IMG_1457-300x200.jpg 300w, https:\/\/www.hoerundjetzt.ch\/wp-content\/uploads\/2024\/12\/IMG_1457-1024x683.jpg 1024w, https:\/\/www.hoerundjetzt.ch\/wp-content\/uploads\/2024\/12\/IMG_1457-1536x1024.jpg 1536w, https:\/\/www.hoerundjetzt.ch\/wp-content\/uploads\/2024\/12\/IMG_1457-2048x1365.jpg 2048w\" sizes=\"auto, (max-width: 706px) 89vw, (max-width: 767px) 82vw, 740px\" \/><br \/>\n<a name=\"_Toc185319579\"><\/a><br \/>\n<strong>DUO STRAHL &amp; SOMMER<\/strong><\/p>\n<p style=\"font-weight: 400;\">Die Luzerner Saxophonistin Silke Strahl und der Aarauer Klarinettist Kevin Sommer bilden seit 2020 das Duo Strahl &amp; Sommer. Die zwei Musiker:innen bewegen sich mit ihrem Spiel im Bereich der frei improvisierten, experimentellen Musik. Ihr Fokus liegt auf der Ausweitung der musikalischen M\u00f6glichkeiten in mehrschichtigen, spektralen und multidimensionalen Kl\u00e4ngen ihrer Instrumente.<strong><br \/>\n<\/strong>Neben dem Schaffen aus dem Moment nehmen konzeptuelle, transdisziplin\u00e4re Ideen und Fragestellungen einen wichtigen Teil in der Arbeit des Duos ein. Ihre Zusammenarbeit m\u00fcndete im Herbst 2021 in einer Residenz auf dem ehemaligen Eniwa Werkhof auf der Kraftwerksinsel in Aarau, w\u00e4hrend der sie mit Klanginstallationen und auf Raum und Architektur bezogenen Improvisationen experimentierten.<\/p>\n<p style=\"font-weight: 400;\">Im Fr\u00fchling 2022 spielten sie mehrere Doppelkonzerte mit den Formationen Sanchez\/Weber\/Kobi sowie mit Demierre &#8211; Leimgruber. Im Herbst 2022 absolvierten sie eine Tournee mit mehreren Konzerten in der Schweiz und Deutschland. Im Fr\u00fchling folgte eine Residenz im Roten Haus Luzern, in der sie mit der K\u00fcnstlerin Pia Matthes eine installative und performative Arbeit aus ausrangierten Strassenlaternen erarbeitet haben. Im September 2024 ver\u00f6ffentlichten Strahl &amp; Sommer ihr Deb\u00fctalbum TRUMM in Zusammenarbeit mit Felix Nussbaumer von ZOK Records. Aufgenommen wurde das Album in einer alten Fabrik in Aarau, im WELLROCK. Mit einer Mischung aus Field Recordings, improvisierter Musik und leichter Editierung spiegelt das Album sowohl die interdisziplin\u00e4ren Interessen des Duos als auch die architektonische Umgebung der Aufnahme mit all ihren k\u00fcnstlerischen, kulturellen und politischen Implikationen wider. Das Album wurde im Rahmen einer zweiw\u00f6chigen Tournee in Japan vorgestellt.<\/p>\n<h2><a name=\"_Toc185319580\"><\/a><strong>Silke Strahl \u2013 Saxophon<\/strong><\/h2>\n<p style=\"font-weight: 400;\">Silke Strahl bewegt sich als Saxophonistin auf der Schnittstelle der zeitgen\u00f6ssischen Musik, freien Improvisation und\u00a0\u00a0 Performancekunst. Sie studierte elementare Musikp\u00e4dagogik und klassisches Saxophon bei Nikola Lutz in Stuttgart, sowie im Master \u00abNeue Musik\u00bb bei Sascha Armbruster und Beat Hofstetter an der Hochschule Luzern. Silke ist in verschiedenen Ensembles t\u00e4tig und steht als Improvisatorin unter anderem mit Lucas Niggli, Christian Weber, Tizia Zimmermann, Hans-Peter Pfammatter, Kevin Sommer und Raphael Loher auf der B\u00fchne. Ausserdem ist sie als Zuz\u00fcgerin in verschiedenen Orchestern und Ensembles, wie z.B. Sinfonieorchester Basel oder dem Collegium Novum zu h\u00f6ren.<\/p>\n<p style=\"font-weight: 400;\"><a href=\"https:\/\/www.silkestrahl.com\/\">https:\/\/www.silkestrahl.com<\/a><\/p>\n<p style=\"font-weight: 400;\"><a name=\"_Toc185319581\"><\/a><b>Kevin Sommer \u2013 Klarinette<\/b><\/p>\n<p style=\"font-weight: 400;\">*1991 Aarau, wohnt und wirkt ebenda.<\/p>\n<p style=\"font-weight: 400;\">Geh\u00f6rt zu einer jungen Generation von Musikern, die die Bassklarinette als Hauptinstrument im Grenzbereich zwischen Jazz, freier Improvisation und Zeitgen\u00f6ssischer Musik spielen. Er studierte an den Musikhochschulen Lausanne und Bern Improvisation und Musikp\u00e4dagogik und ist als freischaffender Klarinettist und Klarinettenlehrer t\u00e4tig. Sein K\u00fcnstlerischer Fokus liegt auf der Ausweitung der klanglichen und musikalischen M\u00f6glichkeiten seines Instrumentes.\u00a0Er ist Teil mehrerer Formationen wie Sommerwolf, Leib, sowie Mirandas Orbit und spielte u.a. an der Jazzwerkstatt Bern, Zoom In Festival Bern, Jazzclub Moods Z\u00fcrich, Chorus Lausanne. Tourneen und Konzerte in CH, D, AT, FR.<\/p>\n<p><span style=\"font-weight: 400;\"><a href=\"https:\/\/kevinsommer.ch\/\">https:\/\/kevinsommer.ch<\/a><\/span><\/p>\n<p>&nbsp;<\/p>\n","protected":false},"excerpt":{"rendered":"<p>Samstag, 24. Mai 2025, 20 Uhr PIANOLOUNGE AARAU Sch\u00f6nenwerderstrasse 42, 5000 Aarau Karte Bar ab 19.00 Uhr, Eintritt CHF 25.-\/10.- Reservationen an: info@ruedidebrunner.ch G\u00c4STE: DUO STRAHL &amp; SOMMER RUEDI DEBRUNNER \u2013 KLARINETTE, KLAVIER MARCO K\u00c4PPELI \u2013 PERKUSSION DUO STRAHL &amp; SOMMER Die Luzerner Saxophonistin Silke Strahl und der Aarauer Klarinettist Kevin Sommer bilden seit 2020 &hellip; <\/p>\n<p class=\"link-more\"><a href=\"https:\/\/www.hoerundjetzt.ch\/?page_id=1780\" class=\"more-link\"><span class=\"screen-reader-text\">\u201eSamstag, 24. Mai 2025, 20 Uhr, G\u00c4STE: DUO STRAHL &#038; SOMMER\u201c <\/span>weiterlesen<\/a><\/p>\n","protected":false},"author":1,"featured_media":0,"parent":0,"menu_order":0,"comment_status":"closed","ping_status":"closed","template":"","meta":{"footnotes":""},"class_list":["post-1780","page","type-page","status-publish","hentry"],"_links":{"self":[{"href":"https:\/\/www.hoerundjetzt.ch\/index.php?rest_route=\/wp\/v2\/pages\/1780","targetHints":{"allow":["GET"]}}],"collection":[{"href":"https:\/\/www.hoerundjetzt.ch\/index.php?rest_route=\/wp\/v2\/pages"}],"about":[{"href":"https:\/\/www.hoerundjetzt.ch\/index.php?rest_route=\/wp\/v2\/types\/page"}],"author":[{"embeddable":true,"href":"https:\/\/www.hoerundjetzt.ch\/index.php?rest_route=\/wp\/v2\/users\/1"}],"replies":[{"embeddable":true,"href":"https:\/\/www.hoerundjetzt.ch\/index.php?rest_route=%2Fwp%2Fv2%2Fcomments&post=1780"}],"version-history":[{"count":4,"href":"https:\/\/www.hoerundjetzt.ch\/index.php?rest_route=\/wp\/v2\/pages\/1780\/revisions"}],"predecessor-version":[{"id":1819,"href":"https:\/\/www.hoerundjetzt.ch\/index.php?rest_route=\/wp\/v2\/pages\/1780\/revisions\/1819"}],"wp:attachment":[{"href":"https:\/\/www.hoerundjetzt.ch\/index.php?rest_route=%2Fwp%2Fv2%2Fmedia&parent=1780"}],"curies":[{"name":"wp","href":"https:\/\/api.w.org\/{rel}","templated":true}]}}