{"id":1702,"date":"2023-12-22T15:40:22","date_gmt":"2023-12-22T16:40:22","guid":{"rendered":"https:\/\/www.hoerundjetzt.ch\/?page_id=1702"},"modified":"2023-12-22T15:40:22","modified_gmt":"2023-12-22T16:40:22","slug":"freitag-25-oktober-2024-20-uhr-gast-silke-strahl-saxophon","status":"publish","type":"page","link":"https:\/\/www.hoerundjetzt.ch\/?page_id=1702","title":{"rendered":"FREITAG, 25. OKTOBER 2024, 20 UHR; GAST: SILKE STRAHL &#8211; SAXOPHON"},"content":{"rendered":"<p><strong>FREITAG, 25. OKTOBER 2024, 20 UHR<\/strong><br \/>\nPIANOLOUNGE AARAU Sch\u00f6nenwerderstrasse 42, 5000 Aarau\u00a0<em><a href=\"https:\/\/www.google.de\/maps\/place\/Sch\u00f6nenwerderstrasse+42,+5000+Aarau,+Schweiz\/@47.3858356,8.0348698,17z\/data=!3m1!4b1!4m2!3m1!1s0x47903bc02c61f077:0xfef480aff1b214a4\" target=\"_blank\" rel=\"noopener noreferrer\">Karte<br \/>\n<\/a><\/em>Bar ab 19.00 Uhr, Eintritt CHF 25.-\/10.-<br \/>\n<em>Reservationen an: info@ruedidebrunner.ch<\/em><br \/>\nGAST: SILKE STRAHL &#8211; SAXOPHON<br \/>\nRUEDI DEBRUNNER \u2013 KLARINETTE, KLAVIER<br \/>\nMARCO K\u00c4PPELI \u2013 PERCUSSION<\/p>\n<p><img loading=\"lazy\" decoding=\"async\" class=\"alignnone  wp-image-1703\" src=\"https:\/\/www.hoerundjetzt.ch\/wp-content\/uploads\/2023\/12\/SilkeWesen-14-300x200.jpeg\" alt=\"\" width=\"1028\" height=\"685\" srcset=\"https:\/\/www.hoerundjetzt.ch\/wp-content\/uploads\/2023\/12\/SilkeWesen-14-300x200.jpeg 300w, https:\/\/www.hoerundjetzt.ch\/wp-content\/uploads\/2023\/12\/SilkeWesen-14-1024x683.jpeg 1024w, https:\/\/www.hoerundjetzt.ch\/wp-content\/uploads\/2023\/12\/SilkeWesen-14.jpeg 1280w\" sizes=\"auto, (max-width: 706px) 89vw, (max-width: 767px) 82vw, 740px\" \/><br \/>\n<strong>SILKE STRAHL &#8211; SAXOPHON<\/strong><\/p>\n<p>Silke Strahl bewegt sich als Saxophonistin auf der Schnittstelle der zeitgen\u00f6ssischen Musik, freien Improvisation und \u00a0\u00a0Performancekunst. Sie studierte elementare Musikp\u00e4dagogik und klassisches Saxophon bei Nikola Lutz in Stuttgart, sowie im Master \u00abNeue Musik\u00bb bei Sascha Armbruster und Beat Hofstetter an der Hochschule Luzern. Silke ist in verschiedenen Ensembles t\u00e4tig und steht als Improvisatorin unter anderem mit Lucas Niggli, Christian Weber, Tizia Zimmermann, Hans-Peter Pfammatter, Kevin Sommer und Raphael Loher auf der B\u00fchne. Ausserdem ist sie als Zuz\u00fcgerin in verschiedenen Orchestern und Ensembles, wie z.B. Sinfonieorchester Basel oder dem Collegium Novum zu h\u00f6ren.<\/p>\n","protected":false},"excerpt":{"rendered":"<p>FREITAG, 25. OKTOBER 2024, 20 UHR PIANOLOUNGE AARAU Sch\u00f6nenwerderstrasse 42, 5000 Aarau\u00a0Karte Bar ab 19.00 Uhr, Eintritt CHF 25.-\/10.- Reservationen an: info@ruedidebrunner.ch GAST: SILKE STRAHL &#8211; SAXOPHON RUEDI DEBRUNNER \u2013 KLARINETTE, KLAVIER MARCO K\u00c4PPELI \u2013 PERCUSSION SILKE STRAHL &#8211; SAXOPHON Silke Strahl bewegt sich als Saxophonistin auf der Schnittstelle der zeitgen\u00f6ssischen Musik, freien Improvisation und &hellip; <\/p>\n<p class=\"link-more\"><a href=\"https:\/\/www.hoerundjetzt.ch\/?page_id=1702\" class=\"more-link\"><span class=\"screen-reader-text\">\u201eFREITAG, 25. OKTOBER 2024, 20 UHR; GAST: SILKE STRAHL &#8211; SAXOPHON\u201c <\/span>weiterlesen<\/a><\/p>\n","protected":false},"author":1,"featured_media":0,"parent":0,"menu_order":0,"comment_status":"closed","ping_status":"closed","template":"","meta":{"footnotes":""},"class_list":["post-1702","page","type-page","status-publish","hentry"],"_links":{"self":[{"href":"https:\/\/www.hoerundjetzt.ch\/index.php?rest_route=\/wp\/v2\/pages\/1702","targetHints":{"allow":["GET"]}}],"collection":[{"href":"https:\/\/www.hoerundjetzt.ch\/index.php?rest_route=\/wp\/v2\/pages"}],"about":[{"href":"https:\/\/www.hoerundjetzt.ch\/index.php?rest_route=\/wp\/v2\/types\/page"}],"author":[{"embeddable":true,"href":"https:\/\/www.hoerundjetzt.ch\/index.php?rest_route=\/wp\/v2\/users\/1"}],"replies":[{"embeddable":true,"href":"https:\/\/www.hoerundjetzt.ch\/index.php?rest_route=%2Fwp%2Fv2%2Fcomments&post=1702"}],"version-history":[{"count":1,"href":"https:\/\/www.hoerundjetzt.ch\/index.php?rest_route=\/wp\/v2\/pages\/1702\/revisions"}],"predecessor-version":[{"id":1705,"href":"https:\/\/www.hoerundjetzt.ch\/index.php?rest_route=\/wp\/v2\/pages\/1702\/revisions\/1705"}],"wp:attachment":[{"href":"https:\/\/www.hoerundjetzt.ch\/index.php?rest_route=%2Fwp%2Fv2%2Fmedia&parent=1702"}],"curies":[{"name":"wp","href":"https:\/\/api.w.org\/{rel}","templated":true}]}}