{"id":1593,"date":"2023-06-16T09:22:17","date_gmt":"2023-06-16T10:22:17","guid":{"rendered":"https:\/\/www.hoerundjetzt.ch\/?page_id=1593"},"modified":"2023-08-20T15:11:06","modified_gmt":"2023-08-20T16:11:06","slug":"donnerstag-13-dezember-2023-gast-haeusermann-kaeppeli-meier-trio","status":"publish","type":"page","link":"https:\/\/www.hoerundjetzt.ch\/?page_id=1593","title":{"rendered":"DONNERSTAG, 14. DEZEMBER 2023, G\u00c4STE: H\u00c4USERMANN\/K\u00c4PPELI\/MEIER-TRIO"},"content":{"rendered":"<p><strong>DONNERSTAG, 14. DEZEMBER 2023, 20 UHR<br \/>\n<\/strong>PIANOLOUNGE AARAU Sch\u00f6nenwerderstrasse 42, 5000 Aarau\u00a0<em><a href=\"https:\/\/www.google.de\/maps\/place\/Sch\u00f6nenwerderstrasse+42,+5000+Aarau,+Schweiz\/@47.3858356,8.0348698,17z\/data=!3m1!4b1!4m2!3m1!1s0x47903bc02c61f077:0xfef480aff1b214a4\" target=\"_blank\" rel=\"noopener noreferrer\">Karte<br \/>\n<\/a><\/em>Bar ab 19.00 Uhr, Eintritt CHF 25.-\/10.-<br \/>\n<em>Reservationen an: info@ruedidebrunner.ch<\/em><br \/>\nGAST: H\u00c4USERMANN\/K\u00c4PPELI\/MEIER-TRIO<br \/>\nRUEDI DEBRUNNER \u2013 KLARINETTE, KLAVIER<\/p>\n<p><strong>H\u00c4USERMANN\/K\u00c4PPELI\/MEIER-TRIO<\/strong><\/p>\n<figure id=\"attachment_1594\" aria-describedby=\"caption-attachment-1594\" style=\"width: 599px\" class=\"wp-caption alignnone\"><img loading=\"lazy\" decoding=\"async\" class=\" wp-image-1594\" src=\"https:\/\/www.hoerundjetzt.ch\/wp-content\/uploads\/2023\/06\/Trio-300x300.jpg\" alt=\"\" width=\"599\" height=\"599\" srcset=\"https:\/\/www.hoerundjetzt.ch\/wp-content\/uploads\/2023\/06\/Trio-300x300.jpg 300w, https:\/\/www.hoerundjetzt.ch\/wp-content\/uploads\/2023\/06\/Trio-1024x1024.jpg 1024w, https:\/\/www.hoerundjetzt.ch\/wp-content\/uploads\/2023\/06\/Trio-150x150.jpg 150w, https:\/\/www.hoerundjetzt.ch\/wp-content\/uploads\/2023\/06\/Trio-1536x1536.jpg 1536w, https:\/\/www.hoerundjetzt.ch\/wp-content\/uploads\/2023\/06\/Trio-2048x2048.jpg 2048w, https:\/\/www.hoerundjetzt.ch\/wp-content\/uploads\/2023\/06\/Trio-100x100.jpg 100w\" sizes=\"auto, (max-width: 599px) 100vw, 599px\" \/><figcaption id=\"caption-attachment-1594\" class=\"wp-caption-text\">OLYMPUS DIGITAL CAMERA<\/figcaption><\/figure>\n<p>Drei aufgeweckte Herren ziehen sich \u00fcbers Jahr unbemerkt in ihre Improvisationskammer zur\u00fcck.<\/p>\n<p>Fr\u00fchling, Sommer und dahinter \/ gleich der Herbst und bald der Winter.<\/p>\n<p>Und tauchen tief in die Welt der UME-Lied-Kompositionen von Ruedi H\u00e4usermann ein.<\/p>\n<p>Es sind zarte, einfache Melodien, die den Musikern als Aufklang f\u00fcr ihre verwinkelten Traumreisen dienen.<\/p>\n<p>Lieder ohne Worte.<\/p>\n<p>Ein entschlossenes Vortasten durch hallende, weite G\u00e4nge zu den vernebelten, k\u00fchlen, festlich \u00fcberhitzten Klangr\u00e4umen<\/p>\n<p>Es schl\u00e4ft ein Lied in allen Dingen.<\/p>\n<p>Ruedi H\u00e4usermann \u00a0 \u00a0 \u00a0Fl\u00f6ten, Klarinetten, \u00d6rgeli<\/p>\n<p>Marco K\u00e4ppeli \u00a0 \u00a0 \u00a0 \u00a0 \u00a0 \u00a0 \u00a0 \u00a0Schlagzeug, Asa Chan, Xylophon<\/p>\n<p>Claude Meier \u00a0 \u00a0 \u00a0 \u00a0 \u00a0 \u00a0 \u00a0 \u00a0 \u00a0Kontrabass, akustische Bassgitarre<\/p>\n","protected":false},"excerpt":{"rendered":"<p>DONNERSTAG, 14. DEZEMBER 2023, 20 UHR PIANOLOUNGE AARAU Sch\u00f6nenwerderstrasse 42, 5000 Aarau\u00a0Karte Bar ab 19.00 Uhr, Eintritt CHF 25.-\/10.- Reservationen an: info@ruedidebrunner.ch GAST: H\u00c4USERMANN\/K\u00c4PPELI\/MEIER-TRIO RUEDI DEBRUNNER \u2013 KLARINETTE, KLAVIER H\u00c4USERMANN\/K\u00c4PPELI\/MEIER-TRIO Drei aufgeweckte Herren ziehen sich \u00fcbers Jahr unbemerkt in ihre Improvisationskammer zur\u00fcck. Fr\u00fchling, Sommer und dahinter \/ gleich der Herbst und bald der Winter. Und &hellip; <\/p>\n<p class=\"link-more\"><a href=\"https:\/\/www.hoerundjetzt.ch\/?page_id=1593\" class=\"more-link\"><span class=\"screen-reader-text\">\u201eDONNERSTAG, 14. DEZEMBER 2023, G\u00c4STE: H\u00c4USERMANN\/K\u00c4PPELI\/MEIER-TRIO\u201c <\/span>weiterlesen<\/a><\/p>\n","protected":false},"author":1,"featured_media":0,"parent":0,"menu_order":0,"comment_status":"closed","ping_status":"closed","template":"","meta":{"footnotes":""},"class_list":["post-1593","page","type-page","status-publish","hentry"],"_links":{"self":[{"href":"https:\/\/www.hoerundjetzt.ch\/index.php?rest_route=\/wp\/v2\/pages\/1593","targetHints":{"allow":["GET"]}}],"collection":[{"href":"https:\/\/www.hoerundjetzt.ch\/index.php?rest_route=\/wp\/v2\/pages"}],"about":[{"href":"https:\/\/www.hoerundjetzt.ch\/index.php?rest_route=\/wp\/v2\/types\/page"}],"author":[{"embeddable":true,"href":"https:\/\/www.hoerundjetzt.ch\/index.php?rest_route=\/wp\/v2\/users\/1"}],"replies":[{"embeddable":true,"href":"https:\/\/www.hoerundjetzt.ch\/index.php?rest_route=%2Fwp%2Fv2%2Fcomments&post=1593"}],"version-history":[{"count":3,"href":"https:\/\/www.hoerundjetzt.ch\/index.php?rest_route=\/wp\/v2\/pages\/1593\/revisions"}],"predecessor-version":[{"id":1608,"href":"https:\/\/www.hoerundjetzt.ch\/index.php?rest_route=\/wp\/v2\/pages\/1593\/revisions\/1608"}],"wp:attachment":[{"href":"https:\/\/www.hoerundjetzt.ch\/index.php?rest_route=%2Fwp%2Fv2%2Fmedia&parent=1593"}],"curies":[{"name":"wp","href":"https:\/\/api.w.org\/{rel}","templated":true}]}}