{"id":1387,"date":"2022-01-13T10:03:55","date_gmt":"2022-01-13T11:03:55","guid":{"rendered":"https:\/\/www.hoerundjetzt.ch\/?page_id=1387"},"modified":"2022-01-13T12:33:12","modified_gmt":"2022-01-13T13:33:12","slug":"freitag-16-dezember-2022-gast-christian-weber-bass","status":"publish","type":"page","link":"https:\/\/www.hoerundjetzt.ch\/?page_id=1387","title":{"rendered":"Freitag, 16. Dezember 2022, Gast: Christian Weber &#8211; Bass"},"content":{"rendered":"<p style=\"text-align: left;\"><strong>FREITAG, 16. DEZEMBER 2022, 20 UHR<\/strong><br \/>\nPIANOLOUNGE AARAU WEST\u00a0<span style=\"font-size: 10pt;\">Sch\u00f6nenwerderstrasse 42, 5000 Aarau\u00a0<em><a href=\"https:\/\/www.google.de\/maps\/place\/Sch\u00f6nenwerderstrasse+42,+5000+Aarau,+Schweiz\/@47.3858356,8.0348698,17z\/data=!3m1!4b1!4m2!3m1!1s0x47903bc02c61f077:0xfef480aff1b214a4\" target=\"_blank\" rel=\"noopener noreferrer\">Karte<br \/>\n<\/a><\/em>Bar ab 19.00 Uhr, Eintritt CHF 25.-\/10.-<br \/>\n<em>Um Anmeldung wird gebeten an: info@ruedidebrunner.ch<\/em><\/span><br \/>\nGAST: CHRISTIAN WEBER &#8211; BASS<br \/>\nRUEDI DEBRUNNER \u2013 KLARINETTE, KLAVIER<br \/>\nMARCO K\u00c4PPELI \u2013 PERCUSSION<\/p>\n<p style=\"text-align: left;\"><img loading=\"lazy\" decoding=\"async\" class=\"alignnone wp-image-1388\" src=\"https:\/\/www.hoerundjetzt.ch\/wp-content\/uploads\/2022\/01\/Christian-Weber-by-Michelle-Ettlin-300x200.jpg\" alt=\"\" width=\"818\" height=\"545\" srcset=\"https:\/\/www.hoerundjetzt.ch\/wp-content\/uploads\/2022\/01\/Christian-Weber-by-Michelle-Ettlin-300x200.jpg 300w, https:\/\/www.hoerundjetzt.ch\/wp-content\/uploads\/2022\/01\/Christian-Weber-by-Michelle-Ettlin-1024x684.jpg 1024w, https:\/\/www.hoerundjetzt.ch\/wp-content\/uploads\/2022\/01\/Christian-Weber-by-Michelle-Ettlin-1536x1026.jpg 1536w, https:\/\/www.hoerundjetzt.ch\/wp-content\/uploads\/2022\/01\/Christian-Weber-by-Michelle-Ettlin.jpg 2048w\" sizes=\"auto, (max-width: 706px) 89vw, (max-width: 767px) 82vw, 740px\" \/><br \/>\n<span style=\"font-size: 10pt;\">Foto: Michelle Ettlin<\/span><\/p>\n<p><strong>Christian Weber \u2013 Bass<\/strong><\/p>\n<p>Charles Mingus\u2019 vor Energie strotzendes Bassspiel und seine vor Dringlichkeit brennende Musik waren f\u00fcr Christian Weber eine Offenbarung. Kurz darauf besorgte er sich seinen ersten Kontrabass und begann die sich neu er\u00f6ffnende Welt zu erforschen.<\/p>\n<p>Schon bald darauf verschlug es ihn an die Hochschule f\u00fcr Musik und darstellende Kunst Graz (A), wo er bei Wayne Darling und Ewald Oberleitner studierte. Weitere Studien bei Adelhard Roidinger am Bruckner Konservatorium Linz brachten eine Befreiung von Idiomen sowie eine intensive Auseinandersetzung mit komponierter Musik der zweiten H\u00e4lfte des 20. Jahrhunderts und elektronischer Musik. Des Weiteren konnte Christian seinen Wissensdurst bei Ernst Weissensteiner in Wien und bei Mark Dresser in New York stillen.<\/p>\n<p>Noch immer ist Christian Weber ein Forscher der sich gleichermassen mit Elektro-akustischer Improvisierter Musik (EAI), Kammermusik, Jazz, Pop und Rock auseinandersetzt. Diese Diversit\u00e4t steht nicht f\u00fcr ein Nebeneinander oder Crossover, in Webers Musik bedingen sich diese unterschiedlichen Quellen gegenseitig.<\/p>\n<p>Webers Zusammenarbeit mit Musikern wie Johannes Bauer, Han Bennink, Jeb Bishop, John Butcher, Lol Coxhill, Jacques Demierre, Robert Dick, Christy Doran, Gerd Dudek, Paul Dunmall, Ellery Eskelin, Peter Evans, Pierre Favre, Charles Gayle, Uli Gumpert, Jason Kahn, Hans Koch, Gerry Hemingway, Peter Kowald, Joachim K\u00fchn, Oliver Lake, Joke Lanz, Urs Leimgruber, Paul Lytton, Rudi Mahall, Norbert M\u00f6slang, Simon Nabatov, Lucas Niggli, Evan Parker, Olaf Rupp, Alexander von Schlippenbach, Manfred Schoof, Ire\u0300ne Schweizer, Elliott Sharp, Martin Siewert, Aki Takase, Dieter Ulrich, Michel Wintsch, Stephan Wittwer, Nils Wogram, Christian Wolfarth, Michael Wollny, Nate Wooley, Otomo Yoshihide und vielen anderen ist auf \u00fcber 100 Tontr\u00e4gern dokumentiert.<\/p>\n<p>\u00abChristian Weber, der Kontrabassist, den man geh\u00f6rt haben muss, um es zu glauben, dass den Reichtum, die Phantastik von Kl\u00e4ngen ein Mann allein und ohne Strom dem sperrigen Instrument abringt. Weber knarrt und knurpst, als w\u00fcrde er die Saiten statt mit dem Bogen mit einer Raspel traktieren&#8230; Raues Gegeige abseits von Wohlklang beginnt enorm reizvoll zu schillern. Die tiefen Frequenzen wummern bodenlos, aber oben krault die Linke die zu Berg stehenden Haare.<\/p>\n<p>Der Klang selbst scheint sich zu spalten, wird zweistimmig, zweih\u00e4ndig ist er sowieso, Pizzicato mit der einen, peitschend und schnalzend mit der andern, dann auch twangend mit langem Nachhall, tw\u00e4nggg, twonggg &#8211; der Bass als reines Schlaginstrument. Stark.\u00bb schreibt\u00a0 Rigobert Dittmann \u00fcber Christian Webers zweite Solo-Ver\u00f6ffentlichung \u201aWalcheturm Solo\u2019.<\/p>\n<p>2003 erhielt Weber den Kulturpreis der Stadt Z\u00fcrich (Werkjahr), 2015 ein New York Stipendium. Er ist Dozent an der Hochschule Luzern, als Gastdozent unterrichtete er an der Hochschule der K\u00fcnste Bern. 2012 bis 2019 wirkte er mit Dan Styffe, Joel Quarrington, Margaret Urquhart, Thierry Barb\u00e9, Bozo Paradzik und Stephan Petzold als Dozent am Kontrabasskaleidoskop Michaelstein mit.<\/p>\n<p><a href=\"http:\/\/www.christianweber.org\/\">www.christianweber.org<\/a><\/p>\n","protected":false},"excerpt":{"rendered":"<p>FREITAG, 16. DEZEMBER 2022, 20 UHR PIANOLOUNGE AARAU WEST\u00a0Sch\u00f6nenwerderstrasse 42, 5000 Aarau\u00a0Karte Bar ab 19.00 Uhr, Eintritt CHF 25.-\/10.- Um Anmeldung wird gebeten an: info@ruedidebrunner.ch GAST: CHRISTIAN WEBER &#8211; BASS RUEDI DEBRUNNER \u2013 KLARINETTE, KLAVIER MARCO K\u00c4PPELI \u2013 PERCUSSION Foto: Michelle Ettlin Christian Weber \u2013 Bass Charles Mingus\u2019 vor Energie strotzendes Bassspiel und seine vor &hellip; <\/p>\n<p class=\"link-more\"><a href=\"https:\/\/www.hoerundjetzt.ch\/?page_id=1387\" class=\"more-link\"><span class=\"screen-reader-text\">\u201eFreitag, 16. Dezember 2022, Gast: Christian Weber &#8211; Bass\u201c <\/span>weiterlesen<\/a><\/p>\n","protected":false},"author":1,"featured_media":0,"parent":0,"menu_order":0,"comment_status":"closed","ping_status":"closed","template":"","meta":{"footnotes":""},"class_list":["post-1387","page","type-page","status-publish","hentry"],"_links":{"self":[{"href":"https:\/\/www.hoerundjetzt.ch\/index.php?rest_route=\/wp\/v2\/pages\/1387","targetHints":{"allow":["GET"]}}],"collection":[{"href":"https:\/\/www.hoerundjetzt.ch\/index.php?rest_route=\/wp\/v2\/pages"}],"about":[{"href":"https:\/\/www.hoerundjetzt.ch\/index.php?rest_route=\/wp\/v2\/types\/page"}],"author":[{"embeddable":true,"href":"https:\/\/www.hoerundjetzt.ch\/index.php?rest_route=\/wp\/v2\/users\/1"}],"replies":[{"embeddable":true,"href":"https:\/\/www.hoerundjetzt.ch\/index.php?rest_route=%2Fwp%2Fv2%2Fcomments&post=1387"}],"version-history":[{"count":3,"href":"https:\/\/www.hoerundjetzt.ch\/index.php?rest_route=\/wp\/v2\/pages\/1387\/revisions"}],"predecessor-version":[{"id":1421,"href":"https:\/\/www.hoerundjetzt.ch\/index.php?rest_route=\/wp\/v2\/pages\/1387\/revisions\/1421"}],"wp:attachment":[{"href":"https:\/\/www.hoerundjetzt.ch\/index.php?rest_route=%2Fwp%2Fv2%2Fmedia&parent=1387"}],"curies":[{"name":"wp","href":"https:\/\/api.w.org\/{rel}","templated":true}]}}