{"id":1183,"date":"2021-01-26T09:04:36","date_gmt":"2021-01-26T10:04:36","guid":{"rendered":"https:\/\/www.hoerundjetzt.ch\/?page_id=1183"},"modified":"2021-11-08T07:49:35","modified_gmt":"2021-11-08T08:49:35","slug":"freitag-17-dezember-2021-gast-niculin-barandun-visual-performance","status":"publish","type":"page","link":"https:\/\/www.hoerundjetzt.ch\/?page_id=1183","title":{"rendered":"Freitag 10. Dezember 2021 G\u00e4ste: Luis Sanz &#8211; Visual Performance, Kevin Sommer &#8211; Bassklarinette"},"content":{"rendered":"<p><strong>FREITAG 10. DEZEMBER 2021, 20 UHR<br \/>\n<\/strong>PIANOLOUNGE AARAU WEST\u00a0<span style=\"font-size: 10pt;\">Sch\u00f6nenwerderstrasse 42, 5000 Aarau\u00a0<\/span><span style=\"font-size: 10pt;\"><em><a href=\"https:\/\/www.google.de\/maps\/place\/Sch\u00f6nenwerderstrasse+42,+5000+Aarau,+Schweiz\/@47.3858356,8.0348698,17z\/data=!3m1!4b1!4m2!3m1!1s0x47903bc02c61f077:0xfef480aff1b214a4\" target=\"_blank\" rel=\"noopener noreferrer\">Karte<br \/>\n<\/a><\/em><\/span><span style=\"font-size: 10pt;\">Bar ab 19.00 Uhr, Eintritt CHF 25.-\/10.-<br \/>\n<em>Um Anmeldung wird gebeten an: info@ruedidebrunner.ch<\/em><\/span><span style=\"font-size: 10pt;\"><br \/>\n<\/span>LUIS SANZ &#8211; VISUAL PERFORMANCE<br \/>\nKEVIN SOMMER &#8211; BASSKLARINETTE<br \/>\nRUEDI DEBRUNNER &#8211; KLARINETTE, KLAVIER<br \/>\nMARCO K\u00c4PPELI &#8211; PERCUSSION<br \/>\n<img loading=\"lazy\" decoding=\"async\" class=\"alignnone wp-image-1209\" src=\"https:\/\/www.hoerundjetzt.ch\/wp-content\/uploads\/2021\/01\/Kevin3-Kopie-251x300.jpg\" alt=\"\" width=\"250\" height=\"299\" srcset=\"https:\/\/www.hoerundjetzt.ch\/wp-content\/uploads\/2021\/01\/Kevin3-Kopie-251x300.jpg 251w, https:\/\/www.hoerundjetzt.ch\/wp-content\/uploads\/2021\/01\/Kevin3-Kopie-858x1024.jpg 858w, https:\/\/www.hoerundjetzt.ch\/wp-content\/uploads\/2021\/01\/Kevin3-Kopie.jpg 1000w\" sizes=\"auto, (max-width: 250px) 100vw, 250px\" \/><img loading=\"lazy\" decoding=\"async\" class=\"alignnone size-medium wp-image-1314\" src=\"https:\/\/www.hoerundjetzt.ch\/wp-content\/uploads\/2021\/11\/LuisSanz-272x300.jpeg\" alt=\"\" width=\"272\" height=\"300\" srcset=\"https:\/\/www.hoerundjetzt.ch\/wp-content\/uploads\/2021\/11\/LuisSanz-272x300.jpeg 272w, https:\/\/www.hoerundjetzt.ch\/wp-content\/uploads\/2021\/11\/LuisSanz-929x1024.jpeg 929w, https:\/\/www.hoerundjetzt.ch\/wp-content\/uploads\/2021\/11\/LuisSanz-1393x1536.jpeg 1393w, https:\/\/www.hoerundjetzt.ch\/wp-content\/uploads\/2021\/11\/LuisSanz-1857x2048.jpeg 1857w\" sizes=\"auto, (max-width: 272px) 100vw, 272px\" \/><\/p>\n<div>\n<p><strong>KEVIN SOMMER &#8211; Bassklarinette<br \/>\n<\/strong>*1991 Aarau, wohnt und wirkt ebenda.<br \/>\nGeh\u00f6rt zu einer jungen Generation von Musikern, die die Bassklarinette als Hauptinstrument im Grenzbereich zwischen Jazz, freier Improvisation und Zeitgen\u00f6ssischer Musik spielen. Er studierte an den Musikhochschulen Lausanne und Bern Improvisation und Musikp\u00e4dagogik und ist als freischaffender Klarinettist und Klarinettenlehrer t\u00e4tig. Sein K\u00fcnstlerischer Fokus liegt auf der Ausweitung der klanglichen und musikalischen M\u00f6glichkeiten seines Instrumentes.\u00a0Er ist Teil mehrerer Formationen wie Sommerwolf, Leib, sowie Mirandas Orbit und spielte u.a. an der Jazzwerkstatt Bern, Zoom In Festival Bern, Jazzclub Moods Z\u00fcrich, Chorus Lausanne. Tourneen und Konzerte in CH, D, AT, FR.<\/p>\n<p><b>LUIS SANZ \u2013 Visual Performance<br \/>\n<\/b><span style=\"font-size: 1rem;\">(*1984, Ilo, PE) lives and works in Bern, CH.<\/span><\/p>\n<\/div>\n<div>\n<p>Luis Sanz is a multidisciplinary artist who explores synthetic sounds, computer graphics and physical audiovisual experiences. As an artist, Sanz creates installations focused on the relationships between bodies and spaces, generating acoustic-imaginary dimensions that combine video, sound, field recordings and hybrid characters. As a musician, Sanz is active in the international experimental music scene as soloist and with Noijzu, an electro-acoustic noise duo with whom he has performed throughout Asia and Europe.<\/p>\n<p>His work has been presented at international festivals, including Live Cinema Festival Rome, IT; Borderline Dolno\u015bl\u0105skie, PL; Volumens Valencia, ES; Fantoche Baden, CH; Buh Records Festival, Lima, PE; Berlin Atonal, DE; CTM Berlin, DE; Node Lausanne, CH; International Film Festival Rotterdam, NL; Generate! T\u00fcbingen, DE; Taktung Z\u00fcrich, CH; Kasseler Dokumentarfilm und Videofest, DE; Circles of Light International Festival Moscow, RU; Ludicious Game Festival Z\u00fcrich, CH; Mapping Festival Geneva, CH; Mira Barcelona, ES and Centras Kaunas, LT.<\/p>\n<p>Luis Sanz holds a Masters Degree in Contemporary Arts Practice (Bern University of the Arts).<\/p>\n<p><a href=\"http:\/\/www.luissanz.ch\/\">www.luissanz.ch<\/a><\/p>\n<\/div>\n","protected":false},"excerpt":{"rendered":"<p>FREITAG 10. DEZEMBER 2021, 20 UHR PIANOLOUNGE AARAU WEST\u00a0Sch\u00f6nenwerderstrasse 42, 5000 Aarau\u00a0Karte Bar ab 19.00 Uhr, Eintritt CHF 25.-\/10.- Um Anmeldung wird gebeten an: info@ruedidebrunner.ch LUIS SANZ &#8211; VISUAL PERFORMANCE KEVIN SOMMER &#8211; BASSKLARINETTE RUEDI DEBRUNNER &#8211; KLARINETTE, KLAVIER MARCO K\u00c4PPELI &#8211; PERCUSSION KEVIN SOMMER &#8211; Bassklarinette *1991 Aarau, wohnt und wirkt ebenda. Geh\u00f6rt zu &hellip; <\/p>\n<p class=\"link-more\"><a href=\"https:\/\/www.hoerundjetzt.ch\/?page_id=1183\" class=\"more-link\"><span class=\"screen-reader-text\">\u201eFreitag 10. Dezember 2021 G\u00e4ste: Luis Sanz &#8211; Visual Performance, Kevin Sommer &#8211; Bassklarinette\u201c <\/span>weiterlesen<\/a><\/p>\n","protected":false},"author":1,"featured_media":0,"parent":0,"menu_order":0,"comment_status":"closed","ping_status":"closed","template":"","meta":{"footnotes":""},"class_list":["post-1183","page","type-page","status-publish","hentry"],"_links":{"self":[{"href":"https:\/\/www.hoerundjetzt.ch\/index.php?rest_route=\/wp\/v2\/pages\/1183","targetHints":{"allow":["GET"]}}],"collection":[{"href":"https:\/\/www.hoerundjetzt.ch\/index.php?rest_route=\/wp\/v2\/pages"}],"about":[{"href":"https:\/\/www.hoerundjetzt.ch\/index.php?rest_route=\/wp\/v2\/types\/page"}],"author":[{"embeddable":true,"href":"https:\/\/www.hoerundjetzt.ch\/index.php?rest_route=\/wp\/v2\/users\/1"}],"replies":[{"embeddable":true,"href":"https:\/\/www.hoerundjetzt.ch\/index.php?rest_route=%2Fwp%2Fv2%2Fcomments&post=1183"}],"version-history":[{"count":9,"href":"https:\/\/www.hoerundjetzt.ch\/index.php?rest_route=\/wp\/v2\/pages\/1183\/revisions"}],"predecessor-version":[{"id":1317,"href":"https:\/\/www.hoerundjetzt.ch\/index.php?rest_route=\/wp\/v2\/pages\/1183\/revisions\/1317"}],"wp:attachment":[{"href":"https:\/\/www.hoerundjetzt.ch\/index.php?rest_route=%2Fwp%2Fv2%2Fmedia&parent=1183"}],"curies":[{"name":"wp","href":"https:\/\/api.w.org\/{rel}","templated":true}]}}