{"id":1168,"date":"2021-01-26T08:58:11","date_gmt":"2021-01-26T09:58:11","guid":{"rendered":"https:\/\/www.hoerundjetzt.ch\/?page_id=1168"},"modified":"2021-05-26T06:54:39","modified_gmt":"2021-05-26T07:54:39","slug":"donnerstag-17-juni-2021-gast-patricia-draeger-akkordeon","status":"publish","type":"page","link":"https:\/\/www.hoerundjetzt.ch\/?page_id=1168","title":{"rendered":"Donnerstag 17. Juni 2021 Gast: Patricia Draeger &#8211; Akkordeon"},"content":{"rendered":"<p><strong>DONNERSTAG 17. JUNI 2021, 20 UHR<br \/>\n<\/strong>PIANOLOUNGE AARAU WEST\u00a0<span style=\"font-size: 10pt;\">Sch\u00f6nenwerderstrasse 42, 5000 Aarau\u00a0<\/span><span style=\"font-size: 10pt;\"><em><a href=\"https:\/\/www.google.de\/maps\/place\/Sch\u00f6nenwerderstrasse+42,+5000+Aarau,+Schweiz\/@47.3858356,8.0348698,17z\/data=!3m1!4b1!4m2!3m1!1s0x47903bc02c61f077:0xfef480aff1b214a4\" target=\"_blank\" rel=\"noopener noreferrer\">Karte<br \/>\n<\/a><\/em><\/span><span style=\"font-size: 10pt;\">Bar ab 19.00 Uhr, Eintritt CHF 25.-\/10.-<br \/>\n<em>Um Anmeldung wird gebeten an: info@ruedidebrunner.ch<\/em><\/span><span style=\"font-size: 10pt;\"><br \/>\n<\/span>PATRICIA DRAEGER &#8211; AKKORDEON<br \/>\nRUEDI DEBRUNNER &#8211; KLARINETTE, KLAVIER<br \/>\nMARCO K\u00c4PPELI &#8211; PERCUSSION<br \/>\n<img loading=\"lazy\" decoding=\"async\" class=\"alignnone wp-image-1195\" src=\"https:\/\/www.hoerundjetzt.ch\/wp-content\/uploads\/2021\/01\/Patricia-Draeger-foto-by-Jon-Flury-Kopie-215x300.jpg\" alt=\"\" width=\"676\" height=\"943\" \/><br \/>\n<span style=\"font-size: 10pt;\">Foto: Jon Flury<\/span><\/p>\n<p><strong>PATRICIA DRAEGER\u2013\u00a0\u00a0 Akkordeon \/ Fl\u00f6te<br \/>\n<\/strong>Geboren und aufgewachsen in Zug. Matura.<\/p>\n<p>Lehrdiplom der Querfl\u00f6te bei Konrad Klemm in Winterthur. Weitere Studien bei Verena Bosshart mit Schwerpunkt \u00abZeitgen\u00f6ssische Musik\u00bb. 1995 Konzertreife-Diplom mit Auszeichnung. Ab 1992 Akkordeonistin und musikalische Leiterin diverser Theaterproduktionen. Als Arrangeurin und Komponistin t\u00e4tig.<br \/>\nVergangene Projekte:<\/p>\n<ul>\n<li>Hans Kennels ` Alpine experience`<\/li>\n<li>PARALPIN, Patricia Draeger`s R\u00f6seligarte<\/li>\n<li>`Hommage an Margrit Rainer `mit der S\u00e4ngerin und Schauspielerin Christine Later<\/li>\n<li>`Palacio de la danza` &#8211; ein Tangoprojekt mit Desir\u00e9e Meiser<\/li>\n<li>Klezmer PLUS-mit Sergej Simbirev, Fides Auf der Maur und Claudio Strebel<\/li>\n<li>Christy Dorans `Bunter Hund` und Christian Weber(b), Lionel Fridli(dr)<\/li>\n<li>`Tienshan-Schweiz-Express` mit Heiri K\u00e4nzig und Musikern aus Sibirien, Kirgistan, und der Mongolei mit Matthieu Michel(tp) , Kapar Rast(dr) , Karin Streuel(voc)<\/li>\n<li>Trio AVODAH mit Volker Biesenbender und Wolfgang Fernow<\/li>\n<li>Ensemble \u00abKAZALPIN \/ \u041a\u0410\u0417\u0410\u041b\u042c\u041f\u0418\u041d\u00bb (Austauschprojekt zwischen Weissrussland und der Schweiz)<\/li>\n<li>`Palmyra`-, Projekt des syrischen Oud-Spielers Bahur Ghazi mit Luca Sisera (b) Dario Sisera (dr) Christoph Baumann (p)<\/li>\n<li>Theater Stockdunkel `Nid derglich\u00e4 tue`, `Hardy`s Grotto`, Regie: Paul Steinmann<\/li>\n<\/ul>\n<p>Mit Albin Brun, Bruno Amstad und Christine Late<br \/>\nAktuelle Projekte sind:<\/p>\n<ul>\n<li>Patricia Draegers `Ala Fekra` \u2013 ein Austauschprojekt mit Schweizer und \u00c4gyptischen Musikern<\/li>\n<li>Akkordeonduo Draeger \u2013 Simbirev<\/li>\n<li>RODAS mit Corin Curschellas (Gesang) und Barbara Gisler (Cello)<\/li>\n<li>Albin Brun Alpin Ensemble und Duo Draeger &amp; Brun<\/li>\n<li>Duo mit der Luzerner Stimmk\u00fcnstlerin Isa Wiss.<\/li>\n<\/ul>\n<p>Mit ihrer Musik bereiste sie ganz Europa, die USA, Australien, Asien und Afrika.<\/p>\n<p>Patricia Draeger liebt die stilistische Vielf\u00e4ltigkeit.<\/p>\n<p>Volksmusik, Jazz, Improvisation und der Austausch mit anderen Kulturen pr\u00e4gt ihr musikalisches Schaffen.<\/p>\n<p>Sie spielte mit vielen bekannten Musikern und ist auf zahlreichen Tontr\u00e4gern vertreten. Im Jahre 2005 erhielt sie den F\u00f6rderpreis des Kantons Zug und im Jahre 2016 ein Stipendium der SKK und der Stadt Zug f\u00fcr einen 3-monatigen Atelier-Aufenthalt in Kairo. Im Jahre 2018 erhielt sie den h\u00f6chstdotierten Preis des Kantons Zug, das `Zuger Werkjahr`.<\/p>\n<p>Sie unterrichtet an verschiedenen Musikschulen und an der Hochschule f\u00fcr Musik in Luzern.<\/p>\n<p><a href=\"http:\/\/www.patriciadraeger.ch\/\">www.patriciadraeger.ch<\/a><\/p>\n","protected":false},"excerpt":{"rendered":"<p>DONNERSTAG 17. JUNI 2021, 20 UHR PIANOLOUNGE AARAU WEST\u00a0Sch\u00f6nenwerderstrasse 42, 5000 Aarau\u00a0Karte Bar ab 19.00 Uhr, Eintritt CHF 25.-\/10.- Um Anmeldung wird gebeten an: info@ruedidebrunner.ch PATRICIA DRAEGER &#8211; AKKORDEON RUEDI DEBRUNNER &#8211; KLARINETTE, KLAVIER MARCO K\u00c4PPELI &#8211; PERCUSSION Foto: Jon Flury PATRICIA DRAEGER\u2013\u00a0\u00a0 Akkordeon \/ Fl\u00f6te Geboren und aufgewachsen in Zug. Matura. Lehrdiplom der Querfl\u00f6te &hellip; <\/p>\n<p class=\"link-more\"><a href=\"https:\/\/www.hoerundjetzt.ch\/?page_id=1168\" class=\"more-link\"><span class=\"screen-reader-text\">\u201eDonnerstag 17. Juni 2021 Gast: Patricia Draeger &#8211; Akkordeon\u201c <\/span>weiterlesen<\/a><\/p>\n","protected":false},"author":1,"featured_media":0,"parent":0,"menu_order":0,"comment_status":"closed","ping_status":"closed","template":"","meta":{"footnotes":""},"class_list":["post-1168","page","type-page","status-publish","hentry"],"_links":{"self":[{"href":"https:\/\/www.hoerundjetzt.ch\/index.php?rest_route=\/wp\/v2\/pages\/1168","targetHints":{"allow":["GET"]}}],"collection":[{"href":"https:\/\/www.hoerundjetzt.ch\/index.php?rest_route=\/wp\/v2\/pages"}],"about":[{"href":"https:\/\/www.hoerundjetzt.ch\/index.php?rest_route=\/wp\/v2\/types\/page"}],"author":[{"embeddable":true,"href":"https:\/\/www.hoerundjetzt.ch\/index.php?rest_route=\/wp\/v2\/users\/1"}],"replies":[{"embeddable":true,"href":"https:\/\/www.hoerundjetzt.ch\/index.php?rest_route=%2Fwp%2Fv2%2Fcomments&post=1168"}],"version-history":[{"count":4,"href":"https:\/\/www.hoerundjetzt.ch\/index.php?rest_route=\/wp\/v2\/pages\/1168\/revisions"}],"predecessor-version":[{"id":1267,"href":"https:\/\/www.hoerundjetzt.ch\/index.php?rest_route=\/wp\/v2\/pages\/1168\/revisions\/1267"}],"wp:attachment":[{"href":"https:\/\/www.hoerundjetzt.ch\/index.php?rest_route=%2Fwp%2Fv2%2Fmedia&parent=1168"}],"curies":[{"name":"wp","href":"https:\/\/api.w.org\/{rel}","templated":true}]}}