{"id":1158,"date":"2021-01-26T08:40:37","date_gmt":"2021-01-26T09:40:37","guid":{"rendered":"https:\/\/www.hoerundjetzt.ch\/?page_id=1158"},"modified":"2021-02-27T07:33:15","modified_gmt":"2021-02-27T08:33:15","slug":"freitag-12-maerz-2021-gaeste-jean-jacques-pedretti-posaune-peter-schaerli-trompete","status":"publish","type":"page","link":"https:\/\/www.hoerundjetzt.ch\/?page_id=1158","title":{"rendered":"AB FREITAG, 19. M\u00c4RZ 2021 ONLINE! G\u00c4STE: JEAN-JACQUES PEDRETTI &#8211; POSAUNE, PETER SCH\u00c4RLI &#8211; TROMPETE"},"content":{"rendered":"<p><strong>AB FREITAG, 19. M\u00c4RZ 2021, 20 UHR ONLINE!<br \/>\n<\/strong>PIANOLOUNGE AARAU WEST\u00a0<span style=\"font-size: 10pt;\">Sch\u00f6nenwerderstrasse 42, 5000 Aarau\u00a0<\/span><span style=\"font-size: 10pt;\"><em><a href=\"https:\/\/www.google.de\/maps\/place\/Sch\u00f6nenwerderstrasse+42,+5000+Aarau,+Schweiz\/@47.3858356,8.0348698,17z\/data=!3m1!4b1!4m2!3m1!1s0x47903bc02c61f077:0xfef480aff1b214a4\" target=\"_blank\" rel=\"noopener noreferrer\">Karte<br \/>\n<\/a><\/em><\/span><span style=\"font-size: 10pt;\">Bar ab 19.00 Uhr, Eintritt CHF 25.-\/10.- ,\u00a0<\/span><span style=\"font-size: 10pt;\">Kein Vorverkauf, Abendkasse<br \/>\n<\/span>JEAN-JACQUES PEDRETTI &#8211; POSAUNE<br \/>\nPETER SCH\u00c4RLI &#8211; TROMPETE<br \/>\nRUEDI DEBRUNNER &#8211; KLARINETTE, KLAVIER<br \/>\nMARCO K\u00c4PPELI &#8211; PERCUSSION<\/p>\n<p><img loading=\"lazy\" decoding=\"async\" class=\"alignnone wp-image-1062\" src=\"https:\/\/www.hoerundjetzt.ch\/wp-content\/uploads\/2019\/12\/Pedretti-254x300.png\" alt=\"\" width=\"218\" height=\"258\" srcset=\"https:\/\/www.hoerundjetzt.ch\/wp-content\/uploads\/2019\/12\/Pedretti-254x300.png 254w, https:\/\/www.hoerundjetzt.ch\/wp-content\/uploads\/2019\/12\/Pedretti.png 848w\" sizes=\"auto, (max-width: 218px) 100vw, 218px\" \/><img loading=\"lazy\" decoding=\"async\" class=\"alignnone wp-image-1059\" src=\"https:\/\/www.hoerundjetzt.ch\/wp-content\/uploads\/2019\/12\/Peter_Schaerli1598-300x226.jpg\" alt=\"\" width=\"344\" height=\"259\" srcset=\"https:\/\/www.hoerundjetzt.ch\/wp-content\/uploads\/2019\/12\/Peter_Schaerli1598-300x226.jpg 300w, https:\/\/www.hoerundjetzt.ch\/wp-content\/uploads\/2019\/12\/Peter_Schaerli1598-1024x770.jpg 1024w\" sizes=\"auto, (max-width: 344px) 100vw, 344px\" \/><\/p>\n<p><strong>Jean-Jacques Pedretti<\/strong> ist als freischaffender Posaunist in zahlreichen Projekten der improvisierten Musik t\u00e4tig. Er trat an den von Pina Bausch organisierten Festivals f\u00fcr neuen Tanz und neue Musik in Wuppertal auf (1998, 2004, 2008).<br \/>\nEr gibt viele Solokonzerte und bevorzugt Darbietungen in kleinen Ensembles mit dem Ziel der Erforschung von subtilen Kl\u00e4ngen.<br \/>\nKollaborationen (nicht vollst\u00e4ndig): Peter Sch\u00e4rli, Lauren Newton, Moondog, Hans Koch, G\u00fcnther<br \/>\nSommer, Windbone, Hiroshi Funato (Japan), Yasuhiro Yoshigaki (Japan), Katsura Yamauchi (Japan).<br \/>\n<a href=\"http:\/\/www.otomichi-records.ch\/\">www.otomichi-records.ch<\/a><\/p>\n<p><strong>Peter Sch\u00e4rli \u2013 Trompete<br \/>\n<\/strong>Trompeter \/ Komponist \/ Bandleader \/ Dozent an der Hochschule Luzern &#8211; Musik<br \/>\nGeboren 1955 in Sch\u00f6tz\/LU. Peter Sch\u00e4rli begann im Alter von zehn Jahren Trompete zu spielen. Er besuchte die Swiss Jazz School in Bern, die er 1981 mit Diplom abschloss. Seitdem hat er sich als professioneller Musiker mit eigenen Bands, als vielseitiger Sideman in unterschiedlichsten Besetzungen und Stilrichtungen und als Komponist von Theatermusik einen hervorragenden Namen gemacht. Seine diversen Engagements f\u00fchrten ihn an Musik- und Theater-Festivals in Europa, Indien, der ehemaligen UdSSR, Afrika, Zentral- und S\u00fcdamerika. Seit 1981 unterrichtet er als Dozent an der Hochschule Luzern &#8211; Musik (fr\u00fcher Jazz Schule Luzern).<br \/>\nZu seinen aktuellen Bands geh\u00f6ren das Peter Sch\u00e4rli Trio featuring Glenn Ferris, das Quintett Peter Sch\u00e4rli: \u201ePeace Now!\u201c, das Trio Sch\u00e4rli-Moreira-Feigenwinter, die Formation Peter Sch\u00e4rli: \u201eDon\u2019t Change Your Hair For Me\u201c sowie das Duo Sch\u00e4rli-Zytynska. In allen Bands bringt Sch\u00e4rli seine Handschrift der Klarheit und Transparenz ein. Dank seiner langen Erfahrung mit konstanten \u201eworking bands\u201c und einer permanenten \u00dcbungspraxis hat er eine bestechende Klangkultur und Fokussierung auf den Kern des Musikalischen erreicht. Seine Improvisationen basieren nicht auf Skalen-Bolzerei, sondern auf melodischer Intuition, die Form und Feeling zusammenf\u00fchren. Das macht seine Musik so bezwingend und sch\u00f6n.<br \/>\n<em>So wie Peter Sch\u00e4rli in seiner Erscheinung und in seinem Wesen nicht zu altern scheint, hat auch seine Musik etwas Zeitloses und Unangreifbares. \u201eEinfach und selbstverst\u00e4ndlich wie alle grosse Kunst\u201c hielt Peter R\u00fcedi treffend fest.<\/em>(Pirmin Bossart, Willisauer Bote, 29. Mai 2015)<br \/>\n<em>Sch\u00e4rli, der von schlampigen Zuh\u00f6rern lange eine Etage zu tief geh\u00e4ngt und als eine Art Miles-Davis-Epigone missverstanden wurde, ist so etwas wie ein bodenst\u00e4ndiger Melancholiker (falls es so etwas gibt), ein handfester Tr\u00e4umer, eine Art (wagen wir das Unaussprechliche) Robert Walser des Schweizer Jazz. <\/em>(Peter R\u00fcedi, Die Weltwoche, 22. Mai 1997)<br \/>\n<a href=\"http:\/\/www.schaerlimusic.ch\/\">www.schaerlimusic.ch<\/a><\/p>\n","protected":false},"excerpt":{"rendered":"<p>AB FREITAG, 19. M\u00c4RZ 2021, 20 UHR ONLINE! PIANOLOUNGE AARAU WEST\u00a0Sch\u00f6nenwerderstrasse 42, 5000 Aarau\u00a0Karte Bar ab 19.00 Uhr, Eintritt CHF 25.-\/10.- ,\u00a0Kein Vorverkauf, Abendkasse JEAN-JACQUES PEDRETTI &#8211; POSAUNE PETER SCH\u00c4RLI &#8211; TROMPETE RUEDI DEBRUNNER &#8211; KLARINETTE, KLAVIER MARCO K\u00c4PPELI &#8211; PERCUSSION Jean-Jacques Pedretti ist als freischaffender Posaunist in zahlreichen Projekten der improvisierten Musik t\u00e4tig. Er &hellip; <\/p>\n<p class=\"link-more\"><a href=\"https:\/\/www.hoerundjetzt.ch\/?page_id=1158\" class=\"more-link\"><span class=\"screen-reader-text\">\u201eAB FREITAG, 19. M\u00c4RZ 2021 ONLINE! G\u00c4STE: JEAN-JACQUES PEDRETTI &#8211; POSAUNE, PETER SCH\u00c4RLI &#8211; TROMPETE\u201c <\/span>weiterlesen<\/a><\/p>\n","protected":false},"author":1,"featured_media":0,"parent":0,"menu_order":0,"comment_status":"closed","ping_status":"closed","template":"","meta":{"footnotes":""},"class_list":["post-1158","page","type-page","status-publish","hentry"],"_links":{"self":[{"href":"https:\/\/www.hoerundjetzt.ch\/index.php?rest_route=\/wp\/v2\/pages\/1158","targetHints":{"allow":["GET"]}}],"collection":[{"href":"https:\/\/www.hoerundjetzt.ch\/index.php?rest_route=\/wp\/v2\/pages"}],"about":[{"href":"https:\/\/www.hoerundjetzt.ch\/index.php?rest_route=\/wp\/v2\/types\/page"}],"author":[{"embeddable":true,"href":"https:\/\/www.hoerundjetzt.ch\/index.php?rest_route=\/wp\/v2\/users\/1"}],"replies":[{"embeddable":true,"href":"https:\/\/www.hoerundjetzt.ch\/index.php?rest_route=%2Fwp%2Fv2%2Fcomments&post=1158"}],"version-history":[{"count":3,"href":"https:\/\/www.hoerundjetzt.ch\/index.php?rest_route=\/wp\/v2\/pages\/1158\/revisions"}],"predecessor-version":[{"id":1233,"href":"https:\/\/www.hoerundjetzt.ch\/index.php?rest_route=\/wp\/v2\/pages\/1158\/revisions\/1233"}],"wp:attachment":[{"href":"https:\/\/www.hoerundjetzt.ch\/index.php?rest_route=%2Fwp%2Fv2%2Fmedia&parent=1158"}],"curies":[{"name":"wp","href":"https:\/\/api.w.org\/{rel}","templated":true}]}}