{"id":1055,"date":"2019-12-23T06:24:12","date_gmt":"2019-12-23T07:24:12","guid":{"rendered":"https:\/\/www.hoerundjetzt.ch\/?page_id=1055"},"modified":"2022-01-13T12:30:29","modified_gmt":"2022-01-13T13:30:29","slug":"donnerstag-17-dezember-gast-vera-kappeler-klavier","status":"publish","type":"page","link":"https:\/\/www.hoerundjetzt.ch\/?page_id=1055","title":{"rendered":"Donnerstag, 16. Juni 2022, Gast: Vera Kappeler \u2013 Klavier"},"content":{"rendered":"<p><strong>DONNERSTAG, 16. JUNI 2022, 20 UHR<br \/>\n<\/strong>PIANOLOUNGE AARAU WEST\u00a0<span style=\"font-size: 10pt;\">Sch\u00f6nenwerderstrasse 42, 5000 Aarau\u00a0<\/span><span style=\"font-size: 10pt;\"><em><a href=\"https:\/\/www.google.de\/maps\/place\/Sch\u00f6nenwerderstrasse+42,+5000+Aarau,+Schweiz\/@47.3858356,8.0348698,17z\/data=!3m1!4b1!4m2!3m1!1s0x47903bc02c61f077:0xfef480aff1b214a4\" target=\"_blank\" rel=\"noopener noreferrer\">Karte<br \/>\n<\/a><\/em><\/span><span style=\"font-size: 10pt;\">Bar ab 19.00 Uhr, Eintritt CHF 25.-\/10.-<br \/>\n<em>Um Anmeldung wird gebeten an: info@ruedidebrunner.ch<\/em><\/span><span style=\"font-size: 10pt;\"><br \/>\n<\/span>VERA KAPPELER &#8211; KLAVIER<br \/>\nRUEDI DEBRUNNER &#8211; KLARINETTE, KLAVIER<br \/>\nMARCO K\u00c4PPELI &#8211; PERCUSSION<\/p>\n<p><img loading=\"lazy\" decoding=\"async\" class=\"alignnone wp-image-1067\" src=\"https:\/\/www.hoerundjetzt.ch\/wp-content\/uploads\/2019\/12\/VeraKappeler-300x220.png\" alt=\"\" width=\"777\" height=\"570\" srcset=\"https:\/\/www.hoerundjetzt.ch\/wp-content\/uploads\/2019\/12\/VeraKappeler-300x220.png 300w, https:\/\/www.hoerundjetzt.ch\/wp-content\/uploads\/2019\/12\/VeraKappeler.png 738w\" sizes=\"auto, (max-width: 706px) 89vw, (max-width: 767px) 82vw, 740px\" \/><\/p>\n<p>Die Pianistin und Harmoniumspielerin Vera Kappeler, geboren 1974 in Basel, entzieht sich jeglicher Schubladisierung. Ihre Musik reicht von schr\u00e4gen Klangexperimenten bis zu Chansons von Paul Burkhard, vom Spiel mit alten Volksliedern bis zu Musik f\u00fcr Theater oder bildende K\u00fcnstler. In all ihren Produktionen, etwa den Soloprogrammen Grossmutters Fl\u00fcgel, ihrem Duo mit dem Schlagzeuger Conradin Zumthor (Babylon-Suite, bei ECM erschienen) oder Zusammenarbeiten wie mit Marianne Racine (Tulaisia) zeigt sich Vera Kappelers unb\u00e4ndige Kreativit\u00e4t.<\/p>\n<p><em>Vera Kappelers Spiel zu beschreiben scheint schlicht nicht m\u00f6glich. Immer dr\u00e4ngt sich ein &#8222;Aber&#8220; auf. Ein paar Namen kommen einem in den Sinn, Carla Bley, Thelonious Monk, Erik Satie, aber Kappeler klingt doch immer anders: aufregend, schr\u00e4g und doch wundersam sch\u00f6n. Das weibliche Jazzklavier hierzulande erh\u00e4lt mit ihr nach Ir\u00e8ne Schweizer und Silvie Courvoisier eine dritte hochkar\u00e4tige Exponentin. <\/em>(Beat Blaser, Jazzjournalist und Moderator bei Radio DRS 2)<\/p>\n<p><em>Vera Kappeler ist nicht naiv und nicht kompliziert, sie ist schr\u00e4g, und zwar buchst\u00e4blich &#8211; als k\u00e4mpfte sie st\u00e4ndig ums Gleichgewicht und w\u00fcrde die Kurve immer gerade noch so kriegen. Auf ihre verquere Weise ist sie gewiss die spannendste Pianistin zur Zeit.<\/em>(Peter R\u00fcedi, Schriftsteller und Journalist)<\/p>\n<p><em>Vera Kappeler hat sich zu einer profilierten Pers\u00f6nlichkeit des jungen Schweizer Jazz entwickelt. Am Klavier entwirft die eigenwillige K\u00fcnstlerin suggestive Stimmungsbilder, die ihre Spannung aus der Gleichzeitigkeit von versponnener Poesie und ungek\u00fcnstelter Kraft beziehen. <\/em>(Tom Gsteiger, Jazzjournalist)<\/p>\n<p><a href=\"https:\/\/www.kappelerzumthor.ch\/\">https:\/\/www.kappelerzumthor.ch<\/a><\/p>\n","protected":false},"excerpt":{"rendered":"<p>DONNERSTAG, 16. JUNI 2022, 20 UHR PIANOLOUNGE AARAU WEST\u00a0Sch\u00f6nenwerderstrasse 42, 5000 Aarau\u00a0Karte Bar ab 19.00 Uhr, Eintritt CHF 25.-\/10.- Um Anmeldung wird gebeten an: info@ruedidebrunner.ch VERA KAPPELER &#8211; KLAVIER RUEDI DEBRUNNER &#8211; KLARINETTE, KLAVIER MARCO K\u00c4PPELI &#8211; PERCUSSION Die Pianistin und Harmoniumspielerin Vera Kappeler, geboren 1974 in Basel, entzieht sich jeglicher Schubladisierung. Ihre Musik reicht &hellip; <\/p>\n<p class=\"link-more\"><a href=\"https:\/\/www.hoerundjetzt.ch\/?page_id=1055\" class=\"more-link\"><span class=\"screen-reader-text\">\u201eDonnerstag, 16. Juni 2022, Gast: Vera Kappeler \u2013 Klavier\u201c <\/span>weiterlesen<\/a><\/p>\n","protected":false},"author":1,"featured_media":0,"parent":0,"menu_order":0,"comment_status":"closed","ping_status":"closed","template":"","meta":{"footnotes":""},"class_list":["post-1055","page","type-page","status-publish","hentry"],"_links":{"self":[{"href":"https:\/\/www.hoerundjetzt.ch\/index.php?rest_route=\/wp\/v2\/pages\/1055","targetHints":{"allow":["GET"]}}],"collection":[{"href":"https:\/\/www.hoerundjetzt.ch\/index.php?rest_route=\/wp\/v2\/pages"}],"about":[{"href":"https:\/\/www.hoerundjetzt.ch\/index.php?rest_route=\/wp\/v2\/types\/page"}],"author":[{"embeddable":true,"href":"https:\/\/www.hoerundjetzt.ch\/index.php?rest_route=\/wp\/v2\/users\/1"}],"replies":[{"embeddable":true,"href":"https:\/\/www.hoerundjetzt.ch\/index.php?rest_route=%2Fwp%2Fv2%2Fcomments&post=1055"}],"version-history":[{"count":11,"href":"https:\/\/www.hoerundjetzt.ch\/index.php?rest_route=\/wp\/v2\/pages\/1055\/revisions"}],"predecessor-version":[{"id":1418,"href":"https:\/\/www.hoerundjetzt.ch\/index.php?rest_route=\/wp\/v2\/pages\/1055\/revisions\/1418"}],"wp:attachment":[{"href":"https:\/\/www.hoerundjetzt.ch\/index.php?rest_route=%2Fwp%2Fv2%2Fmedia&parent=1055"}],"curies":[{"name":"wp","href":"https:\/\/api.w.org\/{rel}","templated":true}]}}