{"id":1030,"date":"2019-12-23T06:16:06","date_gmt":"2019-12-23T07:16:06","guid":{"rendered":"https:\/\/www.hoerundjetzt.ch\/?page_id=1030"},"modified":"2019-12-23T06:52:14","modified_gmt":"2019-12-23T07:52:14","slug":"donnerstag-20-august-gast-co-streiff-saxophon","status":"publish","type":"page","link":"https:\/\/www.hoerundjetzt.ch\/?page_id=1030","title":{"rendered":"Donnerstag 20. August Gast: Co Streiff &#8211; Saxophon"},"content":{"rendered":"<p><strong>DONNERSTAG, 20. AUGUST 2020, 20 UHR<br \/>\n<\/strong>PIANOLOUNGE AARAU WEST\u00a0<span style=\"font-size: 10pt;\">Sch\u00f6nenwerderstrasse 42, 5000 Aarau\u00a0<\/span><span style=\"font-size: 10pt;\"><em><a href=\"https:\/\/www.google.de\/maps\/place\/Sch\u00f6nenwerderstrasse+42,+5000+Aarau,+Schweiz\/@47.3858356,8.0348698,17z\/data=!3m1!4b1!4m2!3m1!1s0x47903bc02c61f077:0xfef480aff1b214a4\" target=\"_blank\" rel=\"noopener noreferrer\">Karte<br \/>\n<\/a><\/em><\/span><span style=\"font-size: 10pt;\">Bar ab 19.00 Uhr, Eintritt CHF 25.-\/10.- ,\u00a0<\/span><span style=\"font-size: 10pt;\">Kein Vorverkauf, Abendkasse<br \/>\n<\/span>CO STREIFF &#8211; SAXOPHON<br \/>\nRUEDI DEBRUNNER &#8211; KLARINETTE, KLAVIER<br \/>\nMARCO K\u00c4PPELI &#8211; PERCUSSION<\/p>\n<p><img loading=\"lazy\" decoding=\"async\" class=\"alignnone  wp-image-1064\" src=\"https:\/\/www.hoerundjetzt.ch\/wp-content\/uploads\/2019\/12\/coStreiff_solo3-300x210.jpg\" alt=\"\" width=\"790\" height=\"553\" srcset=\"https:\/\/www.hoerundjetzt.ch\/wp-content\/uploads\/2019\/12\/coStreiff_solo3-300x210.jpg 300w, https:\/\/www.hoerundjetzt.ch\/wp-content\/uploads\/2019\/12\/coStreiff_solo3-1024x717.jpg 1024w, https:\/\/www.hoerundjetzt.ch\/wp-content\/uploads\/2019\/12\/coStreiff_solo3.jpg 1932w\" sizes=\"auto, (max-width: 706px) 89vw, (max-width: 767px) 82vw, 740px\" \/><\/p>\n<p>Co Streiff, Alto- und Sopransaxofonistin, geboren 1959.<\/p>\n<p>Die Mutter von Zwillingen lebt und arbeitet mit ihrem Partner Tommy Meier in Jonen bei Z\u00fcrich.<br \/>\nNach einer klassischen Fl\u00f6ten-Ausbildung wechselt Co Streiff 21-j\u00e4hrig Instrument und Genre: Sie beginnt Saxofon zu spielen, autodidaktisch und an den Jazzschulen Bern und St. Gallen. Mit ihrer neuen, kr\u00e4ftigeren, Stimme gestaltet und gr\u00fcndet sie in den kommenden Jahren verschiedene Jazz Formationen, so die Bands \u201eArkadas\u201c, \u201eKadash\u201c und \u201eTobende Ordnung\u201c.<\/p>\n<p>Die Begegnungen in den Jahren 1983 bis 1988 pr\u00e4gen die junge Musikerin, manche Zusammenarbeit wird \u00fcber viele Jahre weiterwachsen. Besonders zu nennen: Ir\u00e8ne Schweizer, Matthias R\u00fceggs \u201eVienna Art Orchestra\u201c und die Band des \u201eCircus Theater Federlos\u201c. Auch ihren sp\u00e4teren Partner Tommy Meier lernt Co Streiff in diesen Jahren am Saxofon kennen.<\/p>\n<p>Mit dem \u201eoriental Jazz\u201c von \u201eKadash\u201c beginnt Streiff eine produktive k\u00fcnstlerische Suche nach musikalischem Austausch verschiedener Kulturen. W\u00e4hrend f\u00fcnfzehn Jahren entwickelt sie mit \u201eKadash\u201c und im \u201eCircus Theater Federlos\u201c komponierend und improvisierend imagin\u00e4re Volksmusiken: Auf mehrmonatigen Tourneen in Teilen Europas, aber auch in Nigeria, Ghana, Benin, Namibia, Zimbabwe, \u00c4gypten, Kuwait und in Kirgistan.<\/p>\n<p>Bis heute forscht Co Streiff an den Grenzlinien von Jazz und Volksmusik, verbindet intellektuelle, archaische und feinsinnige Klangwelten.<\/p>\n<p>F\u00fcnfzehn Tontr\u00e4ger, diverse Auszeichnungen und Kompositionsauftr\u00e4ge sowie p\u00e4dagogische T\u00e4tigkeiten und Lehrauftr\u00e4ge dokumentieren bislang das k\u00fcnstlerische Schaffen von Co Streiff.<\/p>\n<p><a href=\"http:\/\/www.costreiff.ch\/\">www.costreiff.ch<\/a><\/p>\n","protected":false},"excerpt":{"rendered":"<p>DONNERSTAG, 20. AUGUST 2020, 20 UHR PIANOLOUNGE AARAU WEST\u00a0Sch\u00f6nenwerderstrasse 42, 5000 Aarau\u00a0Karte Bar ab 19.00 Uhr, Eintritt CHF 25.-\/10.- ,\u00a0Kein Vorverkauf, Abendkasse CO STREIFF &#8211; SAXOPHON RUEDI DEBRUNNER &#8211; KLARINETTE, KLAVIER MARCO K\u00c4PPELI &#8211; PERCUSSION Co Streiff, Alto- und Sopransaxofonistin, geboren 1959. Die Mutter von Zwillingen lebt und arbeitet mit ihrem Partner Tommy Meier in &hellip; <\/p>\n<p class=\"link-more\"><a href=\"https:\/\/www.hoerundjetzt.ch\/?page_id=1030\" class=\"more-link\"><span class=\"screen-reader-text\">\u201eDonnerstag 20. August Gast: Co Streiff &#8211; Saxophon\u201c <\/span>weiterlesen<\/a><\/p>\n","protected":false},"author":1,"featured_media":0,"parent":0,"menu_order":0,"comment_status":"closed","ping_status":"closed","template":"","meta":{"footnotes":""},"class_list":["post-1030","page","type-page","status-publish","hentry"],"_links":{"self":[{"href":"https:\/\/www.hoerundjetzt.ch\/index.php?rest_route=\/wp\/v2\/pages\/1030","targetHints":{"allow":["GET"]}}],"collection":[{"href":"https:\/\/www.hoerundjetzt.ch\/index.php?rest_route=\/wp\/v2\/pages"}],"about":[{"href":"https:\/\/www.hoerundjetzt.ch\/index.php?rest_route=\/wp\/v2\/types\/page"}],"author":[{"embeddable":true,"href":"https:\/\/www.hoerundjetzt.ch\/index.php?rest_route=\/wp\/v2\/users\/1"}],"replies":[{"embeddable":true,"href":"https:\/\/www.hoerundjetzt.ch\/index.php?rest_route=%2Fwp%2Fv2%2Fcomments&post=1030"}],"version-history":[{"count":3,"href":"https:\/\/www.hoerundjetzt.ch\/index.php?rest_route=\/wp\/v2\/pages\/1030\/revisions"}],"predecessor-version":[{"id":1075,"href":"https:\/\/www.hoerundjetzt.ch\/index.php?rest_route=\/wp\/v2\/pages\/1030\/revisions\/1075"}],"wp:attachment":[{"href":"https:\/\/www.hoerundjetzt.ch\/index.php?rest_route=%2Fwp%2Fv2%2Fmedia&parent=1030"}],"curies":[{"name":"wp","href":"https:\/\/api.w.org\/{rel}","templated":true}]}}